{"id":1365,"date":"2019-06-10T11:29:32","date_gmt":"2019-06-10T04:29:32","guid":{"rendered":"https:\/\/www.inax.com.vn\/support\/warranty-provisions\/"},"modified":"2025-06-24T14:22:26","modified_gmt":"2025-06-24T07:22:26","slug":"warranty-provisions","status":"publish","type":"page","link":"https:\/\/www.inax.com.vn\/vi\/warranty-provisions\/","title":{"rendered":"Ch\u00ednh s\u00e1ch b\u1ea3o h\u00e0nh"},"content":{"rendered":"<p><strong> \u00c1p d\u1ee5ng cho c\u00e1c lo\u1ea1i s\u1ea3n ph\u1ea9m: Thi\u1ebft b\u1ecb s\u1ee9 v\u1ec7 sinh, sen v\u00f2i, b\u1ed3n t\u1eafm, b\u00ecnh n\u01b0\u1edbc n\u00f3ng, t\u1ee7 b\u1ebfp v\u00e0 c\u00e1c<br \/>\nph\u1ee5 ki\u1ec7n kh\u00e1c mang nh\u00e3n hi\u1ec7u INAX do C\u00f4ng ty TNHH LIXIL s\u1ea3n xu\u1ea5t v\u00e0 ph\u00e2n ph\u1ed1i.<\/strong><\/p>\n<p>Nh\u00e0 s\u1ea3n xu\u1ea5t b\u1ea3o h\u00e0nh cho s\u1ea3n ph\u1ea9m m\u1edbi trong th\u1eddi h\u1ea1n sau \u0111\u00e2y (X\u00e1c nh\u1eadn qua Phi\u1ebfu B\u1ea3o H\u00e0nh\/ H\u00f3a \u0110\u01a1n Mua H\u00e0ng):<\/p>\n<ul>\n<li>Ph\u1ea7n s\u1ee9 (Th\u00e2n b\u1ec7t, Ch\u1eadu, Ti\u1ec3u nam, K\u00e9t n\u01b0\u1edbc): 10 n\u0103m<\/li>\n<li>Ph\u1ee5 ki\u1ec7n ph\u1ea7n s\u1ee9: 02 n\u0103m<\/li>\n<li>N\u1eafp b\u00e0n c\u1ea7u t\u1ef1 \u0111\u1ed9ng (Shower toilet): 01 n\u0103m<\/li>\n<li>B\u00e0n c\u1ea7u Satis &amp; Regio: 02 n\u0103m<\/li>\n<li>V\u00f2i ch\u1eadu, sen t\u1eafm v\u00e0 van x\u1ea3 c\u00e1c lo\u1ea1i: 02 n\u0103m<\/li>\n<li>B\u1ed3n t\u1eafm bao g\u1ed3m c\u1ea3 ph\u1ee5 ki\u1ec7n: 02 n\u0103m<\/li>\n<li>S\u1ea3n ph\u1ea9m ph\u1ee5 ki\u1ec7n kh\u00e1c: 02 n\u0103m<\/li>\n<li>B\u00ecnh n\u01b0\u1edbc n\u00f3ng gi\u00e1n ti\u1ebfp: B\u1ea3o h\u00e0nh 5 n\u0103m \u0111\u1ed1i v\u1edbi b\u00ecnh ch\u1ee9a n\u01b0\u1edbc, thanh \u0111\u1ed1t nh\u01b0ng kh\u00f4ng qu\u00e1 7 n\u0103m k\u1ec3 t\u1eeb ng\u00e0y s\u1ea3n xu\u1ea5t (l\u01b0u \u00fd, \u0111\u1ed1i v\u1edbi lo\u1ea1i b\u00ecnh tr\u00e1ng men s\u1eed d\u1ee5ng thanh magie ch\u1ed1ng \u0111\u00f3ng c\u1eb7n, kh\u00e1ch h\u00e0ng ph\u1ea3i \u0111\u1ea3m b\u1ea3o thay thanh \u0111\u1ed1t magie \u0111\u1ecbnh k\u1ef3 theo \u0111\u00fang th\u1eddi gian quy \u0111\u1ecbnh trong s\u00e1ch h\u01b0\u1edbng d\u1eabn \u0111\u1ec3 \u0111\u01b0\u1ee3c b\u1ea3o h\u00e0nh).<br \/>\nB\u1ea3o h\u00e0nh 2 n\u0103m \u0111\u1ed1i v\u1edbi m\u1ea1ch \u0111i\u1ec7n \u0111i\u1ec1u khi\u1ec3n v\u00e0 ph\u1ea7n v\u1ecf nh\u01b0ng kh\u00f4ng qu\u00e1 3 n\u0103m k\u1ec3 t\u1eeb ng\u00e0y s\u1ea3n xu\u1ea5t.<\/li>\n<li>B\u00ecnh n\u01b0\u1edbc n\u00f3ng tr\u1ef1c ti\u1ebfp: B\u1ea3o h\u00e0nh 2 n\u0103m \u0111\u1ed1i v\u1edbi s\u1ea3n ph\u1ea9m, nh\u01b0ng kh\u00f4ng qu\u00e1 28 th\u00e1ng k\u1ec3 t\u1eeb ng\u00e0y s\u1ea3n xu\u1ea5t.<\/li>\n<li>T\u1ee7 ch\u1eadu: B\u1ea3o h\u00e0nh 1 n\u0103m nh\u01b0ng kh\u00f4ng qu\u00e1 18 th\u00e1ng k\u1ec3 t\u1eeb ng\u00e0y s\u1ea3n xu\u1ea5t.<\/li>\n<\/ul>\n<p>\u0110\u1ed1i v\u1edbi c\u00f4ng tr\u00ecnh, d\u1ef1 \u00e1n th\u1eddi h\u1ea1n b\u1ea3o h\u00e0nh \u00e1p d\u1ee5ng t\u1eeb ng\u00e0y xu\u1ea5t h\u00f3a \u0111\u01a1n.<\/p>\n<p>C\u00e1c s\u1ea3n ph\u1ea9m thu\u1ed9c c\u00f4ng tr\u00ecnh, d\u1ef1 \u00e1n \u0111\u00e3 \u0111\u01b0\u1ee3c k\u00edch ho\u1ea1t b\u1ea3o h\u00e0nh ngay khi xu\u1ea5t kh\u1ecfi Kho nh\u00e0 m\u00e1y.<\/p>\n<p>Th\u1eddi h\u1ea1n b\u1ea3o h\u00e0nh \u0111\u1ed1i v\u1edbi c\u00e1c s\u1ea3n ph\u1ea9m n\u00e0y s\u1ebd \u0111\u01b0\u1ee3c c\u1ed9ng th\u00eam 3 th\u00e1ng.<\/p>\n<ul>\n<li>S\u1ea3n ph\u1ea9m c\u00f3 Phi\u1ebfu B\u1ea3o H\u00e0nh\/ H\u00f3a \u0110\u01a1n Mua H\u00e0ng v\u00e0 \u0111\u01b0\u1ee3c ghi \u0111\u1ea7y \u0111\u1ee7 th\u00f4ng tin.<\/li>\n<li>INAX ch\u1ecbu tr\u00e1ch nhi\u1ec7m b\u1ea3o h\u00e0nh s\u1ea3n ph\u1ea9m mi\u1ec5n ph\u00ed trong th\u1eddi h\u1ea1n b\u1ea3o h\u00e0nh do nh\u1eefng l\u1ed7i k\u1ef9 thu\u1eadt trong qu\u00e1 tr\u00ecnh s\u1ea3n xu\u1ea5t.<\/li>\n<li>Tr\u00e1ch nhi\u1ec7m b\u1ea3o h\u00e0nh \u0111\u1ea3m b\u1ea3o r\u1eb1ng ch\u1ee9c n\u0103ng s\u1ea3n ph\u1ea9m ho\u1ea1t \u0111\u1ed9ng b\u00ecnh th\u01b0\u1eddng trong th\u1eddi h\u1ea1n b\u1ea3o h\u00e0nh.<\/li>\n<li>\u0110\u1ea1i di\u1ec7n \u1ee7y quy\u1ec1n c\u1ee7a nh\u00e0 s\u1ea3n xu\u1ea5t s\u1ebd ki\u1ec3m tra v\u00e0 quy\u1ebft \u0111\u1ecbnh ph\u1ea3i b\u1ea3o h\u00e0nh b\u1eb1ng c\u00e1ch s\u1eeda ch\u1eefa hay thay m\u1edbi nh\u1eefng s\u1ea3n ph\u1ea9m\/ph\u1ee5 ki\u1ec7n b\u1ecb h\u01b0 h\u1ecfng, n\u1ebfu nh\u1eefng h\u01b0 h\u1ecfng \u0111\u00f3 s\u1ea3y ra trong \u0111i\u1ec1u ki\u1ec7n s\u1ea3n ph\u1ea9m \u0111\u01b0\u1ee3c l\u1eafp \u0111\u1eb7t, s\u1eed d\u1ee5ng v\u00e0 b\u1ea3o tr\u00ec \u0111\u00fang theo h\u01b0\u1edbng d\u1eabn trong t\u00e0i li\u1ec7u \u0111i k\u00e8m s\u1ea3n ph\u1ea9m.<\/li>\n<li>C\u00e1c \u0111i\u1ec1u ki\u1ec7n v\u1ec1 b\u1ea3o h\u00e0nh ch\u1ec9 \u00e1p d\u1ee5ng \u0111\u1ed1i v\u1edbi ng\u01b0\u1eddi mua \u0111\u1ea7u ti\u00ean v\u1edbi c\u00e1c ch\u1ee9ng t\u1eeb h\u1ee3p l\u1ec7 \u0111\u01b0\u1ee3c cung c\u1ea5p khi mua h\u00e0ng.<\/li>\n<li>C\u00e1c c\u00f4ng tr\u00ecnh c\u00f4ng c\u1ed9ng v\u1edbi t\u1ea7n xu\u1ea5t s\u1eed d\u1ee5ng cao n\u1ebfu kh\u00f4ng thu\u1ed9c di\u1ec7n b\u1ea3o h\u00e0nh n\u00e0y th\u00ec s\u1ebd c\u0103n c\u1ee9 v\u00e0o m\u1ed9t h\u1ee3p \u0111\u1ed3ng b\u1ea3o h\u00e0nh ri\u00eang do kh\u00e1ch h\u00e0ng y\u00eau c\u1ea7u ho\u1eb7c \u0111\u01b0\u1ee3c quy \u0111\u1ecbnh trong h\u1ee3p \u0111\u1ed3ng cung c\u1ea5p h\u00e0ng.<\/li>\n<\/ul>\n<p><strong>Tr\u00e1ch nhi\u1ec7m b\u1ea3o h\u00e0nh kh\u00f4ng bao g\u1ed3m c\u00e1c tr\u01b0\u1eddng h\u1ee3p sau:<\/strong><\/p>\n<p>1. Kh\u00f4ng c\u00f3 ho\u1eb7c b\u1ecb m\u1ea5t Phi\u1ebfu B\u1ea3o H\u00e0nh\/ H\u00f3a \u0111\u01a1n mua h\u00e0ng, phi\u1ebfu kh\u00f4ng c\u00f2n nguy\u00ean v\u1eb9n, b\u1ecb t\u00e1ch r\u1eddi, t\u1ea9y x\u00f3a . Kh\u00f4ng \u0111i\u1ec1n \u0111\u1ea7y \u0111\u1ee7 c\u00e1c th\u00f4ng tin \u1edf m\u1eb7t tr\u01b0\u1edbc c\u1ee7a Phi\u1ebfu B\u1ea3o H\u00e0nh.<\/p>\n<p>2. C\u00e1c l\u1ed7i h\u01b0 h\u1ecfng do l\u1eafp \u0111\u1eb7t, kh\u00e1ch h\u00e0ng t\u1ef1 \u00fd th\u00e1o ra \u0111\u1ec1 ch\u1ec9nh s\u1eeda, tai n\u1ea1n, s\u1eed d\u1ee5ng sai m\u1ee5c \u0111\u00edch, kh\u00f4ng \u0111\u01b0\u1ee3c b\u1ea3o tr\u00ec \u0111\u1ea7y \u0111\u1ee7 hay do c\u00e1c chi ti\u1ebft \u0111\u00e3 \u0111\u01b0\u1ee3c thay th\u1ebf b\u1edfi s\u1ea3n ph\u1ea9m\/ph\u1ee5 ki\u1ec7n kh\u00f4ng do INAX cung c\u1ea5p. B\u1ea5t k\u1ec3 l\u00e0 do th\u1ee3 thi c\u00f4ng, c\u00f4ng ty d\u1ecbch v\u1ee5, gia ch\u1ee7 hay ai kh\u00e1c g\u00e2y ra m\u00e0 kh\u00f4ng th\u00f4ng qua hay kh\u00f4ng \u0111\u01b0\u1ee3c s\u1ef1 \u0111\u1ed3ng \u00fd c\u1ee7a nh\u00e0 s\u1ea3n xu\u1ea5t hay \u0111\u1ea1i di\u1ec7n \u0111\u01b0\u1ee3c \u1ee7y quy\u1ec1n c\u1ee7a nh\u00e0 s\u1ea3n xu\u1ea5t.<\/p>\n<p>3. H\u01b0 h\u1ecfng do vi\u1ec7c l\u1eafp \u0111\u1eb7t v\u00e0 s\u1eed d\u1ee5ng s\u1ea3n ph\u1ea9m trong m\u00f4i tr\u01b0\u1eddng c\u00f3 y\u1ebfu t\u1ed1 g\u00e2y \u0103n m\u00f2n (\u0103n m\u00f2n do m\u00f4i tr\u01b0\u1eddng ki\u1ec1m, mu\u1ed1i, axit).<\/p>\n<p>4. C\u00e1c b\u1ed9 ph\u1eadn th\u01b0\u1eddng xuy\u00ean ph\u1ea3i thay th\u1ebf do l\u00e3o h\u00f3a, \u0103n m\u00f2n theo th\u1eddi gian s\u1eed d\u1ee5ng nh\u01b0 pin, gio\u0103ng, v\u00f2ng \u0111\u1ec7m, l\u01b0\u1edbi l\u1ecdc\u2026<\/p>\n<p>5. L\u1ed7i ngo\u1ea1i quan ph\u00e1t sinh nh\u01b0 x\u01b0\u1edbc, gi\u1ea3m \u0111\u1ed9 b\u00f3ng, m\u00f2n\u2026 do \u0111\u00e3 qua s\u1eed d\u1ee5ng.<\/p>\n<p>6. Nh\u1eefng l\u1ed7i ph\u00e1t sinh do s\u1eed d\u1ee5ng ngu\u1ed3n n\u01b0\u1edbc c\u00f3 ch\u1ea5t l\u01b0\u1ee3ng kh\u00f4ng \u0111\u1ea1t theo ti\u00eau chu\u1ea9n c\u1ee7a Vi\u1ec7t Nam v\u1ec1 n\u01b0\u1edbc sinh ho\u1ea1t.<\/p>\n<p>7. H\u01b0 h\u1ecfng do thi\u00ean tai, ch\u00e1y n\u1ed5 (do l\u1eeda, gas, \u0111\u1ed9ng \u0111\u1ea5t, l\u0169 l\u1ee5t, s\u00e9t \u0111\u00e1nh\u2026)<\/p>\n<p>8. S\u1ea3n ph\u1ea9m b\u1ecb h\u01b0 h\u1ecfng do v\u1eadn chuy\u1ec3n, b\u1ecb r\u01a1i v\u1ee1 ho\u1eb7c do ngo\u1ea1i l\u1ef1c t\u00e1c \u0111\u1ed9ng.<\/p>\n<p>9. S\u1eed d\u1ee5ng kh\u00f4ng \u0111\u00fang theo nh\u1eefng ch\u1ec9 d\u1eabn trong Catalogue v\u00e0 t\u00e0i li\u1ec7u \u0111\u01b0\u1ee3c cung c\u1ea5p.<\/p>\n<p>10. S\u1ea3n ph\u1ea9m \u0111\u00e3 h\u1ebft h\u1ea1n b\u1ea3o h\u00e0nh.<\/p>\n<p>11. S\u1ea3n ph\u1ea9m s\u1ee9, b\u00e0n c\u1ea7u h\u01b0 h\u1ecfng ho\u1eb7c kh\u00f4ng ho\u1ea1t \u0111\u1ed9ng do l\u1eafp \u0111\u1eb7t sai ho\u1eb7c s\u01a1 su\u1ea5t sau khi mua v\u00e0 s\u1eed d\u1ee5ng g\u1ed3m c\u00f3:<\/p>\n<ul>\n<li>a. Kh\u00f4ng c\u00f3 h\u1ec7 th\u1ed1ng tho\u00e1t ph\u00f9 h\u1ee3p, l\u1eafp r\u00e1p kh\u00f4ng \u0111\u00fang ch\u1ec9 d\u1eabn \u0111\u00e3 cung c\u1ea5p.<\/li>\n<li>b. Kh\u00f4ng c\u00f3 h\u1ec7 th\u1ed1ng th\u00f4ng h\u01a1i ph\u00f9 h\u1ee3p, v\u00f4 t\u00ecnh ho\u1eb7c c\u1ed1 \u00fd l\u00e0m r\u01a1i v\u1eadt l\u1ea1 l\u00e0m t\u1eafc ngh\u1ebdn \u0111\u01b0\u1eddng tho\u00e1t.<\/li>\n<li>c. B\u1ecb n\u1ee9t v\u1ee1 do l\u1eafp r\u00e1p b\u1eb1ng xi m\u0103ng sai v\u1edbi h\u01b0\u1edbng d\u1eabn \u0111i k\u00e8m \u0111\u01b0\u1ee3c cung c\u1ea5p theo s\u1ea3n ph\u1ea9m.<\/li>\n<\/ul>\n<p>12. H\u01b0 h\u1ecfng \u0111\u1ed1i v\u1edbi c\u00e1c s\u1ea3n ph\u1ea9m \u0111i\u1ec7n, \u0111i\u1ec7n t\u1eed kh\u00f4ng tu\u00e2n theo c\u00e1c th\u00f4ng s\u1ed1 ho\u1ea1t \u0111\u1ed9ng c\u1ee7a s\u1ea3n ph\u1ea9m (v\u00ed d\u1ee5: \u0111i\u1ec7n th\u1ebf ngu\u1ed3n, t\u1ea7n s\u1ed1, l\u1eafp \u0111\u1eb7t, b\u1ea3o d\u01b0\u1ee1ng, \u0111\u1ed9 \u1ed5n \u0111\u1ecbnh c\u1ee7a ngu\u1ed3n,\u2026 kh\u00f4ng ph\u00f9 h\u1ee3p)<\/p>\n<p>13. Sen v\u00f2i c\u00f3 l\u1edbp xi m\u1ea1, s\u01a1n ho\u1eb7c men ph\u1ee7 b\u00ean ngo\u00e0i b\u1ecb tr\u1ea7y ho\u1eb7c \u1ed1, c\u00f3 v\u1ebft \u0103n m\u00f2n do c\u1ecd x\u00e1t b\u1eb1ng v\u1eadt c\u1ee9ng, c\u00f3 v\u1ebft s\u1eed d\u1ee5ng gi\u1ebb lau ch\u00f9i kh\u00f4ng ph\u00f9 h\u1ee3p, s\u1eed d\u1ee5ng c\u00e1c lo\u1ea1i ch\u1ea5t t\u1ea9y r\u1eeda hay h\u00f3a ch\u1ea5t \u0103n m\u00f2n, s\u1ea3n ph\u1ea9m l\u1eafp r\u00e1p g\u1ea7n ho\u1eb7c \u0111\u01b0\u1ee3c s\u1eed d\u1ee5ng trong m\u00f4i tr\u01b0\u1eddng \u1ea9m, acid, ki\u1ec1m ho\u1eb7c b\u1ee5i b\u1eb7m\u2026<\/p>\n<p>14. B\u1ed3n t\u1eafm b\u1ecb m\u1ebb men, tr\u1ea7y x\u01b0\u1edbc do va ch\u1ea1m, l\u00e0m r\u01a1i v\u1eadt c\u1ee9ng t\u00e1c \u0111\u1ed9ng t\u1eeb b\u00ean ngo\u00e0i ho\u1eb7c b\u00ean<br \/>\ntrong s\u00e0n ph\u1ea9m.<\/p>\n<p>15. Thay th\u1ebf linh ki\u1ec7n, ph\u1ee5 ki\u1ec7n sau khi mua m\u00e0 kh\u00f4ng do Nh\u00e0 s\u1ea3n xu\u1ea5t cung c\u1ea5p ho\u1eb7c ch\u1ec9 \u0111\u1ecbnh.<\/p>\n<p>16. C\u00e1c s\u1ea3n ph\u1ea9m c\u00f3 nh\u00e3n hi\u1ec7u INAX nh\u01b0ng kh\u00f4ng r\u00f5 xu\u1ea5t x\u1ee9 ho\u1eb7c \u0111\u01b0\u1ee3c nh\u1eadp kh\u1ea9u m\u00e0 kh\u00f4ng th\u00f4ng qua \u0111\u1ea1i di\u1ec7n \u1ee7y quy\u1ec1n c\u1ee7a nh\u00e0 s\u00e0n xu\u1ea5t.<\/p>\n<p>17. C\u00e1c s\u1ea3n ph\u1ea9m gi\u1ea3 ho\u1eb7c nh\u00e1i nh\u00e3n hi\u1ec7u INAX.<\/p>\n<p><strong>Kh\u00f4ng b\u1ea3o h\u00e0nh cho b\u1ea5t c\u1ee9 h\u00ecnh th\u1ee9c phi\u1ebfu b\u1ea3o h\u00e0nh n\u00e0o kh\u00e1c ngo\u1ea1i tr\u1eeb Phi\u1ebfu B\u1ea3o H\u00e0nh \u0111\u01b0\u1ee3c cung c\u1ea5p b\u1edfi C\u00f4ng ty LIXIL.<\/strong><\/p>\n<p><strong>L\u01b0u \u00fd:<\/strong><\/p>\n<p>1. Tr\u01b0\u1edbc khi y\u00eau c\u1ea7u d\u1ecbch v\u1ee5 b\u1ea3o h\u00e0nh, \u0111\u1ec1 ngh\u1ecb Qu\u00fd kh\u00e1ch:<\/p>\n<ul>\n<li>\u0110\u1ecdc k\u1ef9 h\u01b0\u1edbng d\u1eabn l\u1eafp \u0111\u1eb7t v\u00e0 s\u1eed d\u1ee5ng.<\/li>\n<li>T\u00ecm tr\u00ean website: www.inax.com.vn c\u00e1c v\u1ea5n \u0111\u1ec1 th\u01b0\u1eddng g\u1eb7p.<\/li>\n<\/ul>\n<p>2. Khi y\u00eau c\u1ea7u d\u1ecbch v\u1ee5 b\u1ea3o h\u00e0nh, Qu\u00fd kh\u00e1ch vui l\u00f2ng cung c\u1ea5p c\u00e1c th\u00f4ng tin sau:<\/p>\n<ul>\n<li>Cung c\u1ea5p m\u00e3 s\u1ed1 s\u1ea3n ph\u1ea9m \u0111\u00e3 mua, ng\u00e0y mua, n\u01a1i mua.<\/li>\n<li>M\u00f4 t\u1ea3 ng\u1eafn g\u1ecdn nh\u1eefng s\u1ef1 c\u1ed1 g\u1eb7p ph\u1ea3i.<\/li>\n<li>Cung c\u1ea5p r\u00f5 r\u00e0ng \u0111\u1ecba ch\u1ec9, \u0111i\u1ec7n tho\u1ea1i gi\u00fap cho nh\u00e2n vi\u00ean b\u1ea3o h\u00e0nh \u0111\u1ebfn h\u1ed7 tr\u1ee3 trong th\u1eddi gian s\u1edbm nh\u1ea5t<\/li>\n<\/ul>\n","protected":false},"excerpt":{"rendered":"<p>\u00c1p d\u1ee5ng cho c\u00e1c lo\u1ea1i s\u1ea3n ph\u1ea9m: Thi\u1ebft b\u1ecb s\u1ee9 v\u1ec7 sinh, sen v\u00f2i, b\u1ed3n t\u1eafm, b\u00ecnh n\u01b0\u1edbc n\u00f3ng, t\u1ee7 b\u1ebfp v\u00e0 c\u00e1c ph\u1ee5 ki\u1ec7n kh\u00e1c mang nh\u00e3n hi\u1ec7u INAX do C\u00f4ng ty TNHH LIXIL s\u1ea3n xu\u1ea5t v\u00e0 ph\u00e2n ph\u1ed1i. Nh\u00e0 s\u1ea3n xu\u1ea5t b\u1ea3o h\u00e0nh cho s\u1ea3n ph\u1ea9m m\u1edbi trong th\u1eddi h\u1ea1n sau \u0111\u00e2y (X\u00e1c [&hellip;]<\/p>\n","protected":false},"author":1,"featured_media":0,"parent":0,"menu_order":0,"comment_status":"closed","ping_status":"closed","template":"page-support-warranty-provisions.php","meta":{"inline_featured_image":false,"footnotes":""},"acf":[],"yoast_head":"<!-- This site is optimized with the Yoast SEO plugin v21.0 - https:\/\/yoast.com\/wordpress\/plugins\/seo\/ -->\n<title>Ch\u00ednh s\u00e1ch b\u1ea3o h\u00e0nh - INAX<\/title>\n<meta name=\"description\" content=\"Ch\u00ednh s\u00e1ch b\u1ea3o h\u00e0nh \u00e1p d\u1ee5ng cho: Thi\u1ebft b\u1ecb s\u1ee9 v\u1ec7 sinh, sen v\u00f2i, b\u1ed3n t\u1eafm, b\u00ecnh n\u01b0\u1edbc n\u00f3ng, t\u1ee7 b\u1ebfp v\u00e0 c\u00e1c ph\u1ee5 ki\u1ec7n kh\u00e1c mang nh\u00e3n hi\u1ec7u INAX do LIXIL s\u1ea3n xu\u1ea5t v\u00e0 ph\u00e2n ph\u1ed1i.\" \/>\n<meta name=\"robots\" content=\"index, follow, max-snippet:-1, max-image-preview:large, max-video-preview:-1\" \/>\n<link rel=\"canonical\" href=\"https:\/\/www.inax.com.vn\/vi\/warranty-provisions\/\" \/>\n<meta property=\"og:locale\" content=\"vi_VN\" \/>\n<meta property=\"og:type\" content=\"article\" \/>\n<meta property=\"og:title\" content=\"Ch\u00ednh s\u00e1ch b\u1ea3o h\u00e0nh - INAX\" \/>\n<meta property=\"og:description\" content=\"Ch\u00ednh s\u00e1ch b\u1ea3o h\u00e0nh \u00e1p d\u1ee5ng cho: Thi\u1ebft b\u1ecb s\u1ee9 v\u1ec7 sinh, sen v\u00f2i, b\u1ed3n t\u1eafm, b\u00ecnh n\u01b0\u1edbc n\u00f3ng, t\u1ee7 b\u1ebfp v\u00e0 c\u00e1c ph\u1ee5 ki\u1ec7n kh\u00e1c mang nh\u00e3n hi\u1ec7u INAX do LIXIL s\u1ea3n xu\u1ea5t v\u00e0 ph\u00e2n ph\u1ed1i.\" \/>\n<meta property=\"og:url\" content=\"https:\/\/www.inax.com.vn\/vi\/warranty-provisions\/\" \/>\n<meta property=\"og:site_name\" content=\"INAX\" \/>\n<meta property=\"article:modified_time\" content=\"2025-06-24T07:22:26+00:00\" \/>\n<meta name=\"twitter:card\" content=\"summary_large_image\" \/>\n<meta name=\"twitter:label1\" content=\"Est. reading time\" \/>\n\t<meta name=\"twitter:data1\" content=\"6 minutes\" \/>\n<script type=\"application\/ld+json\" class=\"yoast-schema-graph\">{\"@context\":\"https:\/\/schema.org\",\"@graph\":[{\"@type\":\"WebPage\",\"@id\":\"https:\/\/www.inax.com.vn\/vi\/warranty-provisions\/\",\"url\":\"https:\/\/www.inax.com.vn\/vi\/warranty-provisions\/\",\"name\":\"Ch\u00ednh s\u00e1ch b\u1ea3o h\u00e0nh - INAX\",\"isPartOf\":{\"@id\":\"https:\/\/www.inax.com.vn\/vi\/#website\"},\"datePublished\":\"2019-06-10T04:29:32+00:00\",\"dateModified\":\"2025-06-24T07:22:26+00:00\",\"description\":\"Ch\u00ednh s\u00e1ch b\u1ea3o h\u00e0nh \u00e1p d\u1ee5ng cho: Thi\u1ebft b\u1ecb s\u1ee9 v\u1ec7 sinh, sen v\u00f2i, b\u1ed3n t\u1eafm, b\u00ecnh n\u01b0\u1edbc n\u00f3ng, t\u1ee7 b\u1ebfp v\u00e0 c\u00e1c ph\u1ee5 ki\u1ec7n kh\u00e1c mang nh\u00e3n hi\u1ec7u INAX do LIXIL s\u1ea3n xu\u1ea5t v\u00e0 ph\u00e2n ph\u1ed1i.\",\"breadcrumb\":{\"@id\":\"https:\/\/www.inax.com.vn\/vi\/warranty-provisions\/#breadcrumb\"},\"inLanguage\":\"vi-VN\",\"potentialAction\":[{\"@type\":\"ReadAction\",\"target\":[\"https:\/\/www.inax.com.vn\/vi\/warranty-provisions\/\"]}]},{\"@type\":\"BreadcrumbList\",\"@id\":\"https:\/\/www.inax.com.vn\/vi\/warranty-provisions\/#breadcrumb\",\"itemListElement\":[{\"@type\":\"ListItem\",\"position\":1,\"name\":\"Home\",\"item\":\"https:\/\/www.inax.com.vn\/vi\/\"},{\"@type\":\"ListItem\",\"position\":2,\"name\":\"Ch\u00ednh s\u00e1ch b\u1ea3o h\u00e0nh\"}]},{\"@type\":\"WebSite\",\"@id\":\"https:\/\/www.inax.com.vn\/vi\/#website\",\"url\":\"https:\/\/www.inax.com.vn\/vi\/\",\"name\":\"INAX\",\"description\":\"INAX\",\"potentialAction\":[{\"@type\":\"SearchAction\",\"target\":{\"@type\":\"EntryPoint\",\"urlTemplate\":\"https:\/\/www.inax.com.vn\/vi\/?s={search_term_string}\"},\"query-input\":\"required name=search_term_string\"}],\"inLanguage\":\"vi-VN\"}]}<\/script>\n<!-- \/ Yoast SEO plugin. -->","yoast_head_json":{"title":"Ch\u00ednh s\u00e1ch b\u1ea3o h\u00e0nh - INAX","description":"Ch\u00ednh s\u00e1ch b\u1ea3o h\u00e0nh \u00e1p d\u1ee5ng cho: Thi\u1ebft b\u1ecb s\u1ee9 v\u1ec7 sinh, sen v\u00f2i, b\u1ed3n t\u1eafm, b\u00ecnh n\u01b0\u1edbc n\u00f3ng, t\u1ee7 b\u1ebfp v\u00e0 c\u00e1c ph\u1ee5 ki\u1ec7n kh\u00e1c mang nh\u00e3n hi\u1ec7u INAX do LIXIL s\u1ea3n xu\u1ea5t v\u00e0 ph\u00e2n ph\u1ed1i.","robots":{"index":"index","follow":"follow","max-snippet":"max-snippet:-1","max-image-preview":"max-image-preview:large","max-video-preview":"max-video-preview:-1"},"canonical":"https:\/\/www.inax.com.vn\/vi\/warranty-provisions\/","og_locale":"vi_VN","og_type":"article","og_title":"Ch\u00ednh s\u00e1ch b\u1ea3o h\u00e0nh - INAX","og_description":"Ch\u00ednh s\u00e1ch b\u1ea3o h\u00e0nh \u00e1p d\u1ee5ng cho: Thi\u1ebft b\u1ecb s\u1ee9 v\u1ec7 sinh, sen v\u00f2i, b\u1ed3n t\u1eafm, b\u00ecnh n\u01b0\u1edbc n\u00f3ng, t\u1ee7 b\u1ebfp v\u00e0 c\u00e1c ph\u1ee5 ki\u1ec7n kh\u00e1c mang nh\u00e3n hi\u1ec7u INAX do LIXIL s\u1ea3n xu\u1ea5t v\u00e0 ph\u00e2n ph\u1ed1i.","og_url":"https:\/\/www.inax.com.vn\/vi\/warranty-provisions\/","og_site_name":"INAX","article_modified_time":"2025-06-24T07:22:26+00:00","twitter_card":"summary_large_image","twitter_misc":{"Est. reading time":"6 minutes"},"schema":{"@context":"https:\/\/schema.org","@graph":[{"@type":"WebPage","@id":"https:\/\/www.inax.com.vn\/vi\/warranty-provisions\/","url":"https:\/\/www.inax.com.vn\/vi\/warranty-provisions\/","name":"Ch\u00ednh s\u00e1ch b\u1ea3o h\u00e0nh - INAX","isPartOf":{"@id":"https:\/\/www.inax.com.vn\/vi\/#website"},"datePublished":"2019-06-10T04:29:32+00:00","dateModified":"2025-06-24T07:22:26+00:00","description":"Ch\u00ednh s\u00e1ch b\u1ea3o h\u00e0nh \u00e1p d\u1ee5ng cho: Thi\u1ebft b\u1ecb s\u1ee9 v\u1ec7 sinh, sen v\u00f2i, b\u1ed3n t\u1eafm, b\u00ecnh n\u01b0\u1edbc n\u00f3ng, t\u1ee7 b\u1ebfp v\u00e0 c\u00e1c ph\u1ee5 ki\u1ec7n kh\u00e1c mang nh\u00e3n hi\u1ec7u INAX do LIXIL s\u1ea3n xu\u1ea5t v\u00e0 ph\u00e2n ph\u1ed1i.","breadcrumb":{"@id":"https:\/\/www.inax.com.vn\/vi\/warranty-provisions\/#breadcrumb"},"inLanguage":"vi-VN","potentialAction":[{"@type":"ReadAction","target":["https:\/\/www.inax.com.vn\/vi\/warranty-provisions\/"]}]},{"@type":"BreadcrumbList","@id":"https:\/\/www.inax.com.vn\/vi\/warranty-provisions\/#breadcrumb","itemListElement":[{"@type":"ListItem","position":1,"name":"Home","item":"https:\/\/www.inax.com.vn\/vi\/"},{"@type":"ListItem","position":2,"name":"Ch\u00ednh s\u00e1ch b\u1ea3o h\u00e0nh"}]},{"@type":"WebSite","@id":"https:\/\/www.inax.com.vn\/vi\/#website","url":"https:\/\/www.inax.com.vn\/vi\/","name":"INAX","description":"INAX","potentialAction":[{"@type":"SearchAction","target":{"@type":"EntryPoint","urlTemplate":"https:\/\/www.inax.com.vn\/vi\/?s={search_term_string}"},"query-input":"required name=search_term_string"}],"inLanguage":"vi-VN"}]}},"_links":{"self":[{"href":"https:\/\/www.inax.com.vn\/vi\/wp-json\/wp\/v2\/pages\/1365"}],"collection":[{"href":"https:\/\/www.inax.com.vn\/vi\/wp-json\/wp\/v2\/pages"}],"about":[{"href":"https:\/\/www.inax.com.vn\/vi\/wp-json\/wp\/v2\/types\/page"}],"author":[{"embeddable":true,"href":"https:\/\/www.inax.com.vn\/vi\/wp-json\/wp\/v2\/users\/1"}],"replies":[{"embeddable":true,"href":"https:\/\/www.inax.com.vn\/vi\/wp-json\/wp\/v2\/comments?post=1365"}],"version-history":[{"count":26,"href":"https:\/\/www.inax.com.vn\/vi\/wp-json\/wp\/v2\/pages\/1365\/revisions"}],"predecessor-version":[{"id":353194,"href":"https:\/\/www.inax.com.vn\/vi\/wp-json\/wp\/v2\/pages\/1365\/revisions\/353194"}],"wp:attachment":[{"href":"https:\/\/www.inax.com.vn\/vi\/wp-json\/wp\/v2\/media?parent=1365"}],"curies":[{"name":"wp","href":"https:\/\/api.w.org\/{rel}","templated":true}]}}