{"id":434081,"date":"2026-03-17T15:44:35","date_gmt":"2026-03-17T08:44:35","guid":{"rendered":"https:\/\/www.inax.com.vn\/?page_id=434081"},"modified":"2026-03-17T15:44:36","modified_gmt":"2026-03-17T08:44:36","slug":"hop-dung-giay-ve-sinh","status":"publish","type":"page","link":"https:\/\/www.inax.com.vn\/vi\/hop-dung-giay-ve-sinh\/","title":{"rendered":"H\u1ed9p \u0111\u1ef1ng gi\u1ea5y"},"content":{"rendered":"\n<h1 class=\"wp-block-heading has-text-align-center\"><strong>H\u1ed9p \u0111\u1ef1ng gi\u1ea5y v\u1ec7 sinh INAX ch\u00ednh h\u00e3ng, cao c\u1ea5p<\/strong><\/h1>\n\n\n\n<p><\/p>\n\n\n\n<p><a href=\"https:\/\/www.inax.com.vn\/news\/hop-dung-giay-ve-sinh\/\"><strong>H\u1ed9p \u0111\u1ef1ng gi\u1ea5y v\u1ec7 sinh<\/strong><\/a> l\u00e0 v\u1eadt d\u1ee5ng kh\u00f4ng th\u1ec3 thi\u1ebfu trong ph\u00f2ng t\u1eafm hi\u1ec7n \u0111\u1ea1i. B\u1edfi l\u1ebd, ph\u1ee5 ki\u1ec7n n\u00e0y kh\u00f4ng ch\u1ec9 ng\u0103n gi\u1ea5y v\u1ec7 sinh b\u1ecb \u1ea9m \u01b0\u1edbt, b\u00e1m b\u1ea9n, \u0111\u1ea3m b\u1ea3o an to\u00e0n cho ng\u01b0\u1eddi d\u00f9ng m\u00e0 c\u00f2n t\u0103ng t\u00ednh th\u1ea9m m\u1ef9 v\u00e0 s\u1ef1 ng\u0103n n\u1eafp cho kh\u00f4ng gian. N\u1ebfu b\u1ea1n \u0111ang t\u00ecm m\u1ed9t chi\u1ebfc h\u1ed9p \u0111\u1ef1ng gi\u1ea5y cho nh\u00e0 t\u1eafm c\u1ee7a m\u00ecnh, \u0111\u1eebng b\u1ecf l\u1ee1 b\u00e0i vi\u1ebft sau \u0111\u00e2y v\u00ec INAX s\u1ebd h\u01b0\u1edbng d\u1eabn cho b\u1ea1n c\u00e1ch ch\u1ecdn s\u1ea3n ph\u1ea9m ph\u00f9 h\u1ee3p v\u00e0 \u0111\u1ecba ch\u1ec9 mua h\u00e0ng uy t\u00edn.<\/p>\n\n\n\n<h2 class=\"wp-block-heading\">H\u1ed9p \u0111\u1ef1ng gi\u1ea5y v\u1ec7 sinh l\u00e0 g\u00ec?<\/h2>\n\n\n\n<p>H\u1ed9p \u0111\u1ef1ng gi\u1ea5y v\u1ec7 sinh (hay c\u00f2n g\u1ecdi l\u00e0 l\u00f4 gi\u1ea5y v\u1ec7 sinh, gi\u00e1 \u0111\u1ef1ng gi\u1ea5y) l\u00e0 <a href=\"https:\/\/www.inax.com.vn\/vi\/san-pham\/accessories\/\" target=\"_blank\" rel=\"noreferrer noopener\">ph\u1ee5 ki\u1ec7n thi\u1ebft b\u1ecb v\u1ec7 sinh<\/a> d\u00f9ng \u0111\u1ec3 treo, gi\u1eef v\u00e0 b\u1ea3o v\u1ec7 cu\u1ed9n gi\u1ea5y v\u1ec7 sinh ho\u1eb7c gi\u1ea5y lau tay trong nh\u00e0 v\u1ec7 sinh, ph\u00f2ng t\u1eafm. V\u1ec1 c\u1ea5u t\u1ea1o, h\u1ed9p \u0111\u1ef1ng gi\u1ea5y th\u01b0\u1eddng g\u1ed3m 3 ph\u1ea7n ch\u00ednh nh\u01b0 sau:<\/p>\n\n\n\n<ul>\n<li><strong>Th\u00e2n h\u1ed9p ho\u1eb7c n\u1eafp che:<\/strong> \u0110\u00e2y l\u00e0 b\u1ed9 ph\u1eadn ch\u00ednh c\u1ee7a s\u1ea3n ph\u1ea9m, c\u00f3 ch\u1ee9c n\u0103ng che ch\u1eafn v\u00e0 b\u1ea3o v\u1ec7 cu\u1ed9n gi\u1ea5y kh\u1ecfi c\u00e1c y\u1ebfu t\u1ed1 b\u00ean ngo\u00e0i nh\u01b0 n\u01b0\u1edbc, h\u01a1i \u1ea9m v\u00e0 b\u1ee5i b\u1ea9n.<\/li>\n\n\n\n<li><strong>Thanh tr\u1ee5c ho\u1eb7c tr\u1ee5c gi\u1eef cu\u1ed9n gi\u1ea5y:<\/strong> L\u00e0 b\u1ed9 ph\u1eadn d\u00f9ng \u0111\u1ec3 c\u1ed1 \u0111\u1ecbnh cu\u1ed9n gi\u1ea5y, gi\u00fap gi\u1ea5y c\u00f3 th\u1ec3 xoay tr\u00f2n d\u1ec5 d\u00e0ng khi ng\u01b0\u1eddi d\u00f9ng r\u00fat gi\u1ea5y.<\/li>\n\n\n\n<li><strong>H\u1ec7 th\u1ed1ng l\u1eafp \u0111\u1eb7t:<\/strong> Bao g\u1ed3m c\u00e1c ph\u1ee5 ki\u1ec7n gi\u00fap c\u1ed1 \u0111\u1ecbnh l\u00f4 gi\u1ea5y ch\u1eafc ch\u1eafn tr\u00ean t\u01b0\u1eddng (th\u01b0\u1eddng l\u00e0 khoan v\u00edt ho\u1eb7c d\u00e1n \u0111\u1ed1i v\u1edbi c\u00e1c m\u1eabu h\u1ed9p di \u0111\u1ed9ng).<\/li>\n<\/ul>\n\n\n<div class=\"wp-block-image\">\n<figure class=\"aligncenter\"><img decoding=\"async\" loading=\"lazy\" width=\"750\" height=\"750\" src=\"https:\/\/www.inax.com.vn\/wp-content\/uploads\/2025\/12\/hop-dung-giay-ve-sinh-1.jpg\" alt=\"H\u1ed9p \u0111\u1ef1ng gi\u1ea5y v\u1ec7 sinh l\u00e0 g\u00ec\" class=\"wp-image-434011\"\/><\/figure><\/div>\n\n\n<p class=\"has-text-align-center\">L\u00f4 \u0111\u1ef1ng gi\u1ea5y v\u1ec7 sinh g\u1ed3m 3 b\u1ed9 ph\u1eadn ch\u00ednh: N\u1eafp che, thanh tr\u1ee5c v\u00e0 h\u1ec7 th\u1ed1ng l\u1eafp \u0111\u1eb7t (Ngu\u1ed3n: INAX)<\/p>\n\n\n\n<p>Xem th\u00eam: <a href=\"https:\/\/www.inax.com.vn\/news\/gia-treo-khan\/\" target=\"_blank\" rel=\"noreferrer noopener\">Gi\u00e1 treo kh\u0103n nh\u00e0 t\u1eafm<\/a> &#8211; Thanh treo, m\u00f3c treo, ph\u1ee5 ki\u1ec7n nh\u00e0 t\u1eafm<\/p>\n\n\n\n<h2 class=\"wp-block-heading\">V\u00ec sao n\u00ean s\u1eed d\u1ee5ng h\u1ed9p gi\u1ea5y v\u1ec7 sinh?<\/h2>\n\n\n\n<p>H\u1ed9p \u0111\u1ef1ng gi\u1ea5y v\u1ec7 sinh kh\u00f4ng ch\u1ec9 \u0111\u01a1n thu\u1ea7n l\u00e0 v\u1eadt d\u1ee5ng ch\u1ee9a gi\u1ea5y m\u00e0 c\u00f2n l\u00e0 m\u1ed9t ph\u1ea7n c\u1ee7a h\u1ec7 sinh th\u00e1i ph\u1ee5 ki\u1ec7n ph\u00f2ng t\u1eafm hi\u1ec7n \u0111\u1ea1i, g\u00f3p ph\u1ea7n \u0111\u1ecbnh h\u00ecnh phong c\u00e1ch v\u00e0 \u0111\u1ea3m b\u1ea3o v\u1ec7 sinh cho c\u1ea3 gia \u0111\u00ecnh. \u0110\u00e2y l\u00e0 nhu c\u1ea7u thi\u1ebft y\u1ebfu cho m\u1ecdi kh\u00f4ng gian v\u1ec7 sinh t\u1eeb quy m\u00f4 gia \u0111\u00ecnh \u0111\u1ebfn c\u1ed9ng \u0111\u1ed3ng.<\/p>\n\n\n\n<p>D\u01b0\u1edbi \u0111\u00e2y l\u00e0 m\u1ed9t v\u00e0i l\u00fd do m\u00e0 b\u1ea1n n\u00ean s\u1eed d\u1ee5ng h\u1ed9p \u0111\u1ef1ng gi\u1ea5y chuy\u00ean d\u1ee5ng trong nh\u00e0 t\u1eafm c\u1ee7a m\u00ecnh:<\/p>\n\n\n\n<ul>\n<li><strong>B\u1ea3o v\u1ec7 gi\u1ea5y v\u1ec7 sinh kh\u1ecfi c\u00e1c y\u1ebfu t\u1ed1 g\u00e2y h\u1ea1i:<\/strong> M\u00f4i tr\u01b0\u1eddng ph\u00f2ng t\u1eafm lu\u00f4n c\u00f3 \u0111\u1ed9 \u1ea9m cao &#8211; \u0111i\u1ec1u ki\u1ec7n l\u00fd t\u01b0\u1edfng \u0111\u1ec3 n\u1ea5m m\u1ed1c v\u00e0 vi khu\u1ea9n ph\u00e1t tri\u1ec3n. Gi\u00e1 \u0111\u1ef1ng gi\u1ea5y v\u1ec7 sinh c\u00f3 n\u1eafp \u0111\u1eady s\u1ebd ng\u0103n ch\u1eb7n n\u01b0\u1edbc b\u1eafn, h\u01a1i \u1ea9m, b\u1ee5i b\u1ea9n v\u00e0 vi khu\u1ea9n ti\u1ebfp x\u00fac tr\u1ef1c ti\u1ebfp, gi\u00fap cu\u1ed9n gi\u1ea5y lu\u00f4n kh\u00f4 r\u00e1o v\u00e0 s\u1ea1ch s\u1ebd. \u0110\u00e2y l\u00e0 y\u1ebfu t\u1ed1 h\u00e0ng \u0111\u1ea7u \u0111\u1ea3m b\u1ea3o v\u1ec7 sinh c\u00e1 nh\u00e2n.<\/li>\n\n\n\n<li><strong>T\u0103ng t\u00ednh th\u1ea9m m\u1ef9 v\u00e0 s\u1ef1 ng\u0103n n\u1eafp cho kh\u00f4ng gian:<\/strong> L\u00f4 \u0111\u1ef1ng gi\u1ea5y v\u1ec7 sinh s\u1ebd gi\u1ea5u \u0111i ph\u1ea7n l\u00f5i gi\u1ea5y m\u1ed9t c\u00e1ch kh\u00e9o l\u00e9o, t\u1ea1o n\u00ean v\u1ebb ngo\u00e0i \u0111\u1ed3ng b\u1ed9 v\u00e0 hi\u1ec7n \u0111\u1ea1i cho kh\u00f4ng gian. Thay v\u00ec \u0111\u1eb7t cu\u1ed9n gi\u1ea5y l\u0103n l\u00f3c ho\u1eb7c treo t\u1ea1m b\u1ee3, h\u1ed9p \u0111\u1ef1ng s\u1ebd bi\u1ebfn ph\u1ee5 ki\u1ec7n n\u00e0y th\u00e0nh m\u1ed9t \u0111i\u1ec3m nh\u1ea5n trang tr\u00ed tinh t\u1ebf.<\/li>\n\n\n\n<li><strong>\u0110\u1ea3m b\u1ea3o an to\u00e0n v\u00e0 thu\u1eadn ti\u1ec7n khi s\u1eed d\u1ee5ng:<\/strong> C\u00e1c m\u1eabu h\u1ed9p \u0111\u1ef1ng gi\u1ea5y \u0111\u01b0\u1ee3c thi\u1ebft k\u1ebf v\u1edbi c\u01a1 ch\u1ebf r\u00fat gi\u1ea5y ti\u1ec7n l\u1ee3i. Ng\u01b0\u1eddi d\u00f9ng c\u00f3 th\u1ec3 d\u1ec5 d\u00e0ng r\u00fat gi\u1ea5y ch\u1ec9 b\u1eb1ng m\u1ed9t tay m\u00e0 kh\u00f4ng lo cu\u1ed9n gi\u1ea5y b\u1ecb \u01b0\u1edbt ho\u1eb7c r\u01a1i r\u1edbt. T\u00ednh n\u0103ng n\u00e0y \u0111\u1eb7c bi\u1ec7t quan tr\u1ecdng \u0111\u1ed1i v\u1edbi gia \u0111\u00ecnh c\u00f3 tr\u1ebb nh\u1ecf ho\u1eb7c ng\u01b0\u1eddi l\u1edbn tu\u1ed5i.<\/li>\n\n\n\n<li><strong>Gi\u1ea3i ph\u00e1p t\u1ed1i \u01b0u cho kh\u00f4ng gian c\u00f4ng c\u1ed9ng:<\/strong> \u0110\u1ed1i v\u1edbi c\u00e1c khu v\u1ef1c c\u00f3 t\u1ea7n su\u1ea5t s\u1eed d\u1ee5ng cao nh\u01b0 v\u0103n ph\u00f2ng, trung t\u00e2m th\u01b0\u01a1ng m\u1ea1i hay nh\u00e0 h\u00e0ng, s\u1eed d\u1ee5ng h\u1ed9p \u0111\u1ef1ng gi\u1ea5y v\u1ec7 sinh l\u00e0 gi\u1ea3i ph\u00e1p b\u1eaft bu\u1ed9c \u0111\u1ec3 ki\u1ec3m so\u00e1t s\u1ed1 l\u01b0\u1ee3ng gi\u1ea5y ti\u00eau th\u1ee5, ng\u0103n m\u1ea5t c\u1eafp gi\u1ea5y v\u00e0 gi\u1ea3m thi\u1ec3u l\u00e3ng ph\u00ed. Dung t\u00edch l\u1edbn c\u1ee7a h\u1ed9p gi\u00fap h\u1ea1n ch\u1ebf vi\u1ec7c thay gi\u1ea5y li\u00ean t\u1ee5c, ti\u1ebft ki\u1ec7m th\u1eddi gian cho lao c\u00f4ng.<\/li>\n<\/ul>\n\n\n<div class=\"wp-block-image\">\n<figure class=\"aligncenter\"><img decoding=\"async\" loading=\"lazy\" width=\"750\" height=\"550\" src=\"https:\/\/www.inax.com.vn\/wp-content\/uploads\/2025\/12\/hop-dung-giay-ve-sinh-2.jpg\" alt=\"V\u00ec sao n\u00ean s\u1eed d\u1ee5ng h\u1ed9p gi\u1ea5y v\u1ec7 sinh\" class=\"wp-image-434013\"\/><\/figure><\/div>\n\n\n<p class=\"has-text-align-center\">Gi\u00e1 \u0111\u1ef1ng gi\u1ea5y v\u1ec7 sinh l\u00e0 gi\u1ea3i ph\u00e1p t\u1ed1i \u01b0u cho kh\u00f4ng gian nh\u00e0 t\u1eafm (Ngu\u1ed3n: INAX)<\/p>\n\n\n\n<h2 class=\"wp-block-heading\">N\u00ean d\u00f9ng l\u00f4 \u0111\u1ef1ng gi\u1ea5y v\u1ec7 sinh lo\u1ea1i n\u00e0o?<\/h2>\n\n\n\n<p>N\u1ebfu b\u1ea1n \u0111ang b\u0103n kho\u0103n kh\u00f4ng bi\u1ebft ch\u1ecdn h\u1ed9p \u0111\u1ef1ng gi\u1ea5y nh\u01b0 th\u1ebf n\u00e0o cho ph\u00f2ng t\u1eafm c\u1ee7a m\u00ecnh, d\u01b0\u1edbi \u0111\u00e2y l\u00e0 m\u1ed9t s\u1ed1 ti\u00eau ch\u00ed quan tr\u1ecdng gi\u00fap b\u1ea1n ch\u1ecdn \u0111\u01b0\u1ee3c s\u1ea3n ph\u1ea9m ph\u00f9 h\u1ee3p:<\/p>\n\n\n\n<ul>\n<li><strong>K\u00edch th\u01b0\u1edbc v\u00e0 dung t\u00edch:<\/strong> Nh\u00e0 v\u1ec7 sinh c\u00f4ng c\u1ed9ng n\u00ean ch\u1ecdn l\u00f4 \u0111\u1ef1ng gi\u1ea5y v\u1ec7 sinh cu\u1ed9n l\u1edbn. Trong khi \u0111\u00f3, nh\u00e0 v\u1ec7 sinh \u01b0u ti\u00ean ch\u1ecdn k\u00edch th\u01b0\u1edbc ph\u00f9 h\u1ee3p v\u1edbi cu\u1ed9n gi\u1ea5y ti\u00eau chu\u1ea9n v\u00e0 di\u1ec7n t\u00edch t\u01b0\u1eddng.<\/li>\n\n\n\n<li><strong>V\u1ecb tr\u00ed l\u1eafp \u0111\u1eb7t chu\u1ea9n:<\/strong> Theo g\u00f3c nh\u00ecn c\u1ee7a c\u00e1c ki\u1ebfn tr\u00fac s\u01b0, h\u1ed9p gi\u1ea5y v\u1ec7 sinh n\u00ean \u0111\u01b0\u1ee3c l\u1eafp \u1edf \u0111\u1ed9 cao t\u1eeb 65 cm \u0111\u1ebfn 75 cm t\u00ednh t\u1eeb s\u00e0n nh\u00e0 v\u00e0 c\u00e1ch b\u1ed3n c\u1ea7u kho\u1ea3ng 20 &#8211; 30 cm, \u0111\u1ea3m b\u1ea3o ng\u01b0\u1eddi d\u00f9ng c\u00f3 th\u1ec3 v\u1edbi tay tho\u1ea3i m\u00e1i nh\u1ea5t.<\/li>\n\n\n\n<li><strong>\u0110\u1ed3ng b\u1ed9 v\u1edbi ph\u1ee5 ki\u1ec7n kh\u00e1c:<\/strong> \u0110\u1ec3 ph\u00f2ng t\u1eafm \u0111\u1ea1t \u0111\u01b0\u1ee3c t\u00ednh th\u1ea9m m\u1ef9 cao nh\u1ea5t, b\u1ea1n n\u00ean ch\u1ecdn h\u1ed9p \u0111\u1ef1ng gi\u1ea5y v\u1ec7 sinh c\u00f3 thi\u1ebft k\u1ebf \u0111\u1ed3ng b\u1ed9 v\u1edbi c\u00e1c ph\u1ee5 ki\u1ec7n ph\u00f2ng t\u1eafm kh\u00e1c nh\u01b0 m\u00f3c \u00e1o, thanh v\u1eaft kh\u0103n v\u00e0 k\u1ec7 x\u00e0 ph\u00f2ng. S\u1ef1 \u0111\u1ed3ng b\u1ed9 n\u00e0y t\u1ea1o n\u00ean m\u1ed9t t\u1ed5ng th\u1ec3 h\u00e0i h\u00f2a v\u00e0 hi\u1ec7n \u0111\u1ea1i cho kh\u00f4ng gian ph\u00f2ng t\u1eafm c\u1ee7a b\u1ea1n.<\/li>\n<\/ul>\n\n\n<div class=\"wp-block-image\">\n<figure class=\"aligncenter\"><img decoding=\"async\" loading=\"lazy\" width=\"750\" height=\"550\" src=\"https:\/\/www.inax.com.vn\/wp-content\/uploads\/2025\/12\/hop-dung-giay-ve-sinh-4.jpg\" alt=\"N\u00ean d\u00f9ng l\u00f4 \u0111\u1ef1ng gi\u1ea5y v\u1ec7 sinh lo\u1ea1i n\u00e0o\" class=\"wp-image-434017\"\/><\/figure><\/div>\n\n\n<p class=\"has-text-align-center\">Nh\u00e0 v\u1ec7 sinh c\u00f4ng c\u1ed9ng n\u00ean ch\u1ecdn gi\u00e1 \u0111\u1ef1ng gi\u1ea5y v\u1ec7 sinh dung t\u00edch l\u1edbn (Ngu\u1ed3n: INAX)<\/p>\n\n\n\n<h2 class=\"wp-block-heading\">Mua h\u1ed9p \u0111\u1ef1ng gi\u1ea5y v\u1ec7 sinh INAX \u1edf \u0111\u00e2u?<\/h2>\n\n\n\n<p>INAX l\u00e0 th\u01b0\u01a1ng hi\u1ec7u thi\u1ebft b\u1ecb v\u1ec7 sinh \u0111\u1ebfn t\u1eeb Nh\u1eadt B\u1ea3n v\u1edbi h\u01a1n 100 n\u0103m ph\u00e1t tri\u1ec3n, mang theo ti\u00eau chu\u1ea9n k\u1ef9 thu\u1eadt v\u00e0 quy tr\u00ecnh ki\u1ec3m so\u00e1t ch\u1ea5t l\u01b0\u1ee3ng nghi\u00eam ng\u1eb7t c\u1ee7a Nh\u1eadt B\u1ea3n. C\u00e1c s\u1ea3n ph\u1ea9m c\u1ee7a INAX \u0111\u01b0\u1ee3c ng\u01b0\u1eddi ti\u00eau d\u00f9ng tin t\u01b0\u1edfng l\u1ef1a ch\u1ecdn nh\u1edd c\u00f4ng ngh\u1ec7 \u0111\u1ed9c quy\u1ec1n v\u01b0\u1ee3t tr\u1ed9i v\u00e0 t\u00ednh n\u0103ng \u01b0u vi\u1ec7t gi\u00fap t\u1ed1i \u01b0u h\u00f3a tr\u1ea3i nghi\u1ec7m v\u1ec7 sinh.<\/p>\n\n\n\n<p>N\u1ebfu b\u1ea1n \u0111ang t\u00ecm mua gi\u00e1 \u0111\u1ef1ng gi\u1ea5y v\u1ec7 sinh INAX, m\u1ed9t s\u1ed1 s\u1ea3n ph\u1ea9m m\u00e0 b\u1ea1n c\u00f3 th\u1ec3 c\u00e2n nh\u1eafc nh\u01b0:<\/p>\n\n\n\n<ul>\n<li><strong><a href=\"https:\/\/www.inax.com.vn\/vi\/products\/accessories\/hop-dung-khan-giay-kf-44v\/\" target=\"_blank\" rel=\"noreferrer noopener\">H\u1ed9p \u0111\u1ef1ng kh\u0103n gi\u1ea5y KF-44V<\/a>:<\/strong> \u0110\u01b0\u1ee3c l\u00e0m b\u1eb1ng th\u00e9p kh\u00f4ng g\u1ec9 (SUS 304), k\u00edch th\u01b0\u1edbc 700 x 300 x 140 mm.<\/li>\n\n\n\n<li><strong><a href=\"https:\/\/www.inax.com.vn\/vi\/products\/accessories\/hop-dung-giay-kf-12j\/\" target=\"_blank\" rel=\"noreferrer noopener\">H\u1ed9p \u0111\u1ef1ng gi\u1ea5y KF-12J<\/a>:<\/strong> \u0110\u01b0\u1ee3c l\u00e0m b\u1eb1ng th\u00e9p kh\u00f4ng g\u1ec9 (SUS 304), k\u00edch th\u01b0\u1edbc 280 x 280 x 120 mm.<\/li>\n\n\n\n<li><strong><a href=\"https:\/\/www.inax.com.vn\/vi\/products\/accessories\/hop-dung-giay-cfv-11w\/\" target=\"_blank\" rel=\"noreferrer noopener\">H\u1ed9p \u0111\u1ef1ng gi\u1ea5y CFV-11W<\/a>:<\/strong> \u0110\u01b0\u1ee3c l\u00e0m b\u1eb1ng th\u00e9p kh\u00f4ng g\u1ec9 (SUS 304), k\u00edch th\u01b0\u1edbc 300 x 100 x 100 mm.<\/li>\n<\/ul>\n\n\n\n<p>B\u1ea1n c\u00f3 th\u1ec3 mua h\u1ed9p \u0111\u1ef1ng gi\u1ea5y v\u1ec7 sinh INAX ch\u00ednh h\u00e3ng t\u1ea1i h\u1ec7 th\u1ed1ng \u0111\u1ea1i l\u00fd ph\u00e2n ph\u1ed1i INAX tr\u00ean to\u00e0n qu\u1ed1c ho\u1eb7c showroom c\u1ee7a INAX theo c\u00e1c \u0111\u1ecba ch\u1ec9 sau:<\/p>\n\n\n\n<ul>\n<li><a href=\"https:\/\/www.inax.com.vn\/vi\/where-to-buy\/\">H\u1ec7 th\u1ed1ng ph\u00e2n ph\u1ed1i INAX<\/a><\/li>\n\n\n\n<li>Showroom:\n<ul>\n<li>H\u00e0 N\u1ed9i: T\u1ea7ng 1,2 s\u1ed1 46 B\u00edch C\u00e2u, ph\u01b0\u1eddng \u00d4 Ch\u1ee3 D\u1eeba, H\u00e0 N\u1ed9i.<\/li>\n\n\n\n<li>\u0110\u00e0 N\u1eb5ng: T\u1ea7ng 1,2 s\u1ed1 189 \u0110i\u1ec7n Bi\u00ean Ph\u1ee7, ph\u01b0\u1eddng Thanh Kh\u00ea, th\u00e0nh ph\u1ed1 \u0110\u00e0 N\u1eb5ng.<\/li>\n\n\n\n<li>H\u1ed3 Ch\u00ed Minh: 218 Bis, Nam K\u1ef3 Kh\u1edfi Ngh\u0129a, ph\u01b0\u1eddng Xu\u00e2n H\u00f2a, TP.HCM.<\/li>\n<\/ul>\n<\/li>\n<\/ul>\n\n\n<div class=\"wp-block-image\">\n<figure class=\"aligncenter\"><img decoding=\"async\" loading=\"lazy\" width=\"750\" height=\"500\" src=\"https:\/\/www.inax.com.vn\/wp-content\/uploads\/2025\/12\/hop-dung-giay-ve-sinh-3.jpg\" alt=\"Mua h\u1ed9p \u0111\u1ef1ng gi\u1ea5y v\u1ec7 sinh INAX \u1edf \u0111\u00e2u\" class=\"wp-image-434015\"\/><\/figure><\/div>\n\n\n<p class=\"has-text-align-center\">B\u1ea1n c\u00f3 th\u1ec3 mua h\u1ed9p \u0111\u1ef1ng gi\u1ea5y v\u1ec7 sinh INAX ch\u00ednh h\u00e3ng t\u1ea1i showroom ho\u1eb7c \u0111\u1ea1i l\u00fd ph\u00e2n ph\u1ed1i c\u1ee7a INAX tr\u00ean to\u00e0n qu\u1ed1c<\/p>\n\n\n\n<h2 class=\"wp-block-heading\">Gi\u00e1 h\u1ed9p \u0111\u1ef1ng gi\u1ea5y v\u1ec7 sinh INAX<\/h2>\n\n\n\n<p>D\u01b0\u1edbi \u0111\u00e2y l\u00e0 b\u1ea3ng gi\u00e1 h\u1ed9p \u0111\u1ef1ng gi\u1ea5y v\u1ec7 sinh INAX cho b\u1ea1n tham kh\u1ea3o:<\/p>\n\n\n\n<figure class=\"wp-block-table\"><table><thead><tr><th><strong>S\u1ea3n ph\u1ea9m<\/strong><\/th><th><strong>Gi\u00e1 tham kh\u1ea3o (VN\u0110)<\/strong><\/th><\/tr><\/thead><tbody><tr><td>H\u1ed9p \u0111\u1ef1ng kh\u0103n gi\u1ea5y KF-44V<\/td><td>12.000.000 &#8211; 14.000.000<\/td><\/tr><tr><td>H\u1ed9p \u0111\u1ef1ng gi\u1ea5y KF-12J<\/td><td>5.000.000 &#8211; 7.000.000<\/td><\/tr><tr><td>H\u1ed9p \u0111\u1ef1ng gi\u1ea5y CFV-11W<\/td><td>1.000.000 &#8211; 2.000.000<\/td><\/tr><\/tbody><\/table><\/figure>\n\n\n\n<p>M\u1ee9c gi\u00e1 tr\u00ean ch\u1ec9 mang t\u00ednh ch\u1ea5t tham kh\u1ea3o v\u00e0 c\u00f3 th\u1ec3 thay \u0111\u1ed5i t\u00f9y thu\u1ed9c v\u00e0o ch\u01b0\u01a1ng tr\u00ecnh khuy\u1ebfn m\u00e3i t\u1ea1i th\u1eddi \u0111i\u1ec3m mua h\u00e0ng. B\u1ea1n c\u00f3 th\u1ec3 tham kh\u1ea3o th\u00eam c\u00e1c ph\u1ee5 ki\u1ec7n nh\u00e0 t\u1eafm kh\u00e1c t\u1ea1i: <a href=\"https:\/\/www.inax.com.vn\/news\/phu-kien-nha-tam\/\" target=\"_blank\" rel=\"noreferrer noopener\">Danh s\u00e1ch ph\u1ee5 ki\u1ec7n nh\u00e0 t\u1eafm INAX<\/a>.<\/p>\n\n\n\n<p>Hy v\u1ecdng b\u00e0i vi\u1ebft tr\u00ean \u0111\u00e2y \u0111\u00e3 gi\u00fap b\u1ea1n ch\u1ecdn \u0111\u01b0\u1ee3c s\u1ea3n ph\u1ea9m h\u1ed9p \u0111\u1ef1ng gi\u1ea5y v\u1ec7 sinh ph\u00f9 h\u1ee3p cho ph\u00f2ng t\u1eafm, ph\u00f2ng v\u1ec7 sinh nh\u00e0 m\u00ecnh. N\u1ebfu b\u1ea1n \u0111ang quan t\u00e2m \u0111\u1ebfn h\u1ed9p gi\u1ea5y v\u1ec7 sinh INAX, <a href=\"https:\/\/www.inax.com.vn\/news\/combo-nha-tam\/\" target=\"_blank\" rel=\"noreferrer noopener\">combo nh\u00e0 t\u1eafm<\/a> c\u0169ng nh\u01b0 c\u00e1c <a href=\"https:\/\/www.inax.com.vn\/\" target=\"_blank\" rel=\"noreferrer noopener\">thi\u1ebft b\u1ecb v\u1ec7 sinh cao c\u1ea5p<\/a> kh\u00e1c, vui l\u00f2ng truy c\u1eadp:<\/p>\n\n\n\n<ul>\n<li>Hotline: 18006633<\/li>\n\n\n\n<li>Email: inaxvietnam@lixil.com<\/li>\n<\/ul>\n","protected":false},"excerpt":{"rendered":"<p>H\u1ed9p \u0111\u1ef1ng gi\u1ea5y v\u1ec7 sinh INAX ch\u00ednh h\u00e3ng, cao c\u1ea5p H\u1ed9p \u0111\u1ef1ng gi\u1ea5y v\u1ec7 sinh l\u00e0 v\u1eadt d\u1ee5ng kh\u00f4ng th\u1ec3 thi\u1ebfu trong ph\u00f2ng t\u1eafm hi\u1ec7n \u0111\u1ea1i. B\u1edfi l\u1ebd, ph\u1ee5 ki\u1ec7n n\u00e0y kh\u00f4ng ch\u1ec9 ng\u0103n gi\u1ea5y v\u1ec7 sinh b\u1ecb \u1ea9m \u01b0\u1edbt, b\u00e1m b\u1ea9n, \u0111\u1ea3m b\u1ea3o an to\u00e0n cho ng\u01b0\u1eddi d\u00f9ng m\u00e0 c\u00f2n t\u0103ng t\u00ednh th\u1ea9m m\u1ef9 [&hellip;]<\/p>\n","protected":false},"author":4,"featured_media":434010,"parent":0,"menu_order":0,"comment_status":"closed","ping_status":"closed","template":"page-listing-product.php","meta":{"inline_featured_image":false,"footnotes":""},"acf":[],"yoast_head":"<!-- This site is optimized with the Yoast SEO plugin v21.0 - https:\/\/yoast.com\/wordpress\/plugins\/seo\/ -->\n<title>H\u1ed9p \u0111\u1ef1ng gi\u1ea5y v\u1ec7 sinh INAX ch\u00ednh h\u00e3ng, cao c\u1ea5p, b\u1ec1n \u0111\u1eb9p 2026<\/title>\n<meta name=\"description\" content=\"H\u1ed9p \u0111\u1ef1ng gi\u1ea5y v\u1ec7 sinh INAX \u0111\u01b0\u1ee3c thi\u1ebft k\u1ebf b\u1eb1ng th\u00e9p ch\u1ed1ng r\u1ec9 cho \u0111\u1ed9 b\u1ec1n cao, b\u1ec1n \u0111\u1eb9p v\u00e0 b\u1eaft m\u1eaft, d\u00f9ng cho gia \u0111\u00ecnh, khu c\u00f4ng c\u1ed9ng, nh\u00e0 m\u00e1y...\" \/>\n<meta name=\"robots\" content=\"index, follow, max-snippet:-1, max-image-preview:large, max-video-preview:-1\" \/>\n<link rel=\"canonical\" href=\"https:\/\/www.inax.com.vn\/vi\/hop-dung-giay-ve-sinh\/\" \/>\n<meta property=\"og:locale\" content=\"vi_VN\" \/>\n<meta property=\"og:type\" content=\"article\" \/>\n<meta property=\"og:title\" content=\"H\u1ed9p \u0111\u1ef1ng gi\u1ea5y v\u1ec7 sinh INAX ch\u00ednh h\u00e3ng, cao c\u1ea5p, b\u1ec1n \u0111\u1eb9p 2026\" \/>\n<meta property=\"og:description\" content=\"H\u1ed9p \u0111\u1ef1ng gi\u1ea5y v\u1ec7 sinh INAX \u0111\u01b0\u1ee3c thi\u1ebft k\u1ebf b\u1eb1ng th\u00e9p ch\u1ed1ng r\u1ec9 cho \u0111\u1ed9 b\u1ec1n cao, b\u1ec1n \u0111\u1eb9p v\u00e0 b\u1eaft m\u1eaft, d\u00f9ng cho gia \u0111\u00ecnh, khu c\u00f4ng c\u1ed9ng, nh\u00e0 m\u00e1y...\" \/>\n<meta property=\"og:url\" content=\"https:\/\/www.inax.com.vn\/vi\/hop-dung-giay-ve-sinh\/\" \/>\n<meta property=\"og:site_name\" content=\"INAX\" \/>\n<meta property=\"article:modified_time\" content=\"2026-03-17T08:44:36+00:00\" \/>\n<meta property=\"og:image\" content=\"https:\/\/www.inax.com.vn\/wp-content\/uploads\/2025\/12\/hop-dung-giay-ve-sinh-thumbnail.jpg\" \/>\n\t<meta property=\"og:image:width\" content=\"828\" \/>\n\t<meta property=\"og:image:height\" content=\"540\" \/>\n\t<meta property=\"og:image:type\" content=\"image\/jpeg\" \/>\n<meta name=\"twitter:card\" content=\"summary_large_image\" \/>\n<meta name=\"twitter:label1\" content=\"Est. reading time\" \/>\n\t<meta name=\"twitter:data1\" content=\"7 minutes\" \/>\n<script type=\"application\/ld+json\" class=\"yoast-schema-graph\">{\"@context\":\"https:\/\/schema.org\",\"@graph\":[{\"@type\":\"WebPage\",\"@id\":\"https:\/\/www.inax.com.vn\/vi\/hop-dung-giay-ve-sinh\/\",\"url\":\"https:\/\/www.inax.com.vn\/vi\/hop-dung-giay-ve-sinh\/\",\"name\":\"H\u1ed9p \u0111\u1ef1ng gi\u1ea5y v\u1ec7 sinh INAX ch\u00ednh h\u00e3ng, cao c\u1ea5p, b\u1ec1n \u0111\u1eb9p 2026\",\"isPartOf\":{\"@id\":\"https:\/\/www.inax.com.vn\/vi\/#website\"},\"datePublished\":\"2026-03-17T08:44:35+00:00\",\"dateModified\":\"2026-03-17T08:44:36+00:00\",\"description\":\"H\u1ed9p \u0111\u1ef1ng gi\u1ea5y v\u1ec7 sinh INAX \u0111\u01b0\u1ee3c thi\u1ebft k\u1ebf b\u1eb1ng th\u00e9p ch\u1ed1ng r\u1ec9 cho \u0111\u1ed9 b\u1ec1n cao, b\u1ec1n \u0111\u1eb9p v\u00e0 b\u1eaft m\u1eaft, d\u00f9ng cho gia \u0111\u00ecnh, khu c\u00f4ng c\u1ed9ng, nh\u00e0 m\u00e1y...\",\"breadcrumb\":{\"@id\":\"https:\/\/www.inax.com.vn\/vi\/hop-dung-giay-ve-sinh\/#breadcrumb\"},\"inLanguage\":\"vi-VN\",\"potentialAction\":[{\"@type\":\"ReadAction\",\"target\":[\"https:\/\/www.inax.com.vn\/vi\/hop-dung-giay-ve-sinh\/\"]}]},{\"@type\":\"BreadcrumbList\",\"@id\":\"https:\/\/www.inax.com.vn\/vi\/hop-dung-giay-ve-sinh\/#breadcrumb\",\"itemListElement\":[{\"@type\":\"ListItem\",\"position\":1,\"name\":\"Home\",\"item\":\"https:\/\/www.inax.com.vn\/vi\/\"},{\"@type\":\"ListItem\",\"position\":2,\"name\":\"H\u1ed9p \u0111\u1ef1ng gi\u1ea5y\"}]},{\"@type\":\"WebSite\",\"@id\":\"https:\/\/www.inax.com.vn\/vi\/#website\",\"url\":\"https:\/\/www.inax.com.vn\/vi\/\",\"name\":\"INAX\",\"description\":\"INAX\",\"potentialAction\":[{\"@type\":\"SearchAction\",\"target\":{\"@type\":\"EntryPoint\",\"urlTemplate\":\"https:\/\/www.inax.com.vn\/vi\/?s={search_term_string}\"},\"query-input\":\"required name=search_term_string\"}],\"inLanguage\":\"vi-VN\"}]}<\/script>\n<!-- \/ Yoast SEO plugin. -->","yoast_head_json":{"title":"H\u1ed9p \u0111\u1ef1ng gi\u1ea5y v\u1ec7 sinh INAX ch\u00ednh h\u00e3ng, cao c\u1ea5p, b\u1ec1n \u0111\u1eb9p 2026","description":"H\u1ed9p \u0111\u1ef1ng gi\u1ea5y v\u1ec7 sinh INAX \u0111\u01b0\u1ee3c thi\u1ebft k\u1ebf b\u1eb1ng th\u00e9p ch\u1ed1ng r\u1ec9 cho \u0111\u1ed9 b\u1ec1n cao, b\u1ec1n \u0111\u1eb9p v\u00e0 b\u1eaft m\u1eaft, d\u00f9ng cho gia \u0111\u00ecnh, khu c\u00f4ng c\u1ed9ng, nh\u00e0 m\u00e1y...","robots":{"index":"index","follow":"follow","max-snippet":"max-snippet:-1","max-image-preview":"max-image-preview:large","max-video-preview":"max-video-preview:-1"},"canonical":"https:\/\/www.inax.com.vn\/vi\/hop-dung-giay-ve-sinh\/","og_locale":"vi_VN","og_type":"article","og_title":"H\u1ed9p \u0111\u1ef1ng gi\u1ea5y v\u1ec7 sinh INAX ch\u00ednh h\u00e3ng, cao c\u1ea5p, b\u1ec1n \u0111\u1eb9p 2026","og_description":"H\u1ed9p \u0111\u1ef1ng gi\u1ea5y v\u1ec7 sinh INAX \u0111\u01b0\u1ee3c thi\u1ebft k\u1ebf b\u1eb1ng th\u00e9p ch\u1ed1ng r\u1ec9 cho \u0111\u1ed9 b\u1ec1n cao, b\u1ec1n \u0111\u1eb9p v\u00e0 b\u1eaft m\u1eaft, d\u00f9ng cho gia \u0111\u00ecnh, khu c\u00f4ng c\u1ed9ng, nh\u00e0 m\u00e1y...","og_url":"https:\/\/www.inax.com.vn\/vi\/hop-dung-giay-ve-sinh\/","og_site_name":"INAX","article_modified_time":"2026-03-17T08:44:36+00:00","og_image":[{"width":828,"height":540,"url":"https:\/\/www.inax.com.vn\/wp-content\/uploads\/2025\/12\/hop-dung-giay-ve-sinh-thumbnail.jpg","type":"image\/jpeg"}],"twitter_card":"summary_large_image","twitter_misc":{"Est. reading time":"7 minutes"},"schema":{"@context":"https:\/\/schema.org","@graph":[{"@type":"WebPage","@id":"https:\/\/www.inax.com.vn\/vi\/hop-dung-giay-ve-sinh\/","url":"https:\/\/www.inax.com.vn\/vi\/hop-dung-giay-ve-sinh\/","name":"H\u1ed9p \u0111\u1ef1ng gi\u1ea5y v\u1ec7 sinh INAX ch\u00ednh h\u00e3ng, cao c\u1ea5p, b\u1ec1n \u0111\u1eb9p 2026","isPartOf":{"@id":"https:\/\/www.inax.com.vn\/vi\/#website"},"datePublished":"2026-03-17T08:44:35+00:00","dateModified":"2026-03-17T08:44:36+00:00","description":"H\u1ed9p \u0111\u1ef1ng gi\u1ea5y v\u1ec7 sinh INAX \u0111\u01b0\u1ee3c thi\u1ebft k\u1ebf b\u1eb1ng th\u00e9p ch\u1ed1ng r\u1ec9 cho \u0111\u1ed9 b\u1ec1n cao, b\u1ec1n \u0111\u1eb9p v\u00e0 b\u1eaft m\u1eaft, d\u00f9ng cho gia \u0111\u00ecnh, khu c\u00f4ng c\u1ed9ng, nh\u00e0 m\u00e1y...","breadcrumb":{"@id":"https:\/\/www.inax.com.vn\/vi\/hop-dung-giay-ve-sinh\/#breadcrumb"},"inLanguage":"vi-VN","potentialAction":[{"@type":"ReadAction","target":["https:\/\/www.inax.com.vn\/vi\/hop-dung-giay-ve-sinh\/"]}]},{"@type":"BreadcrumbList","@id":"https:\/\/www.inax.com.vn\/vi\/hop-dung-giay-ve-sinh\/#breadcrumb","itemListElement":[{"@type":"ListItem","position":1,"name":"Home","item":"https:\/\/www.inax.com.vn\/vi\/"},{"@type":"ListItem","position":2,"name":"H\u1ed9p \u0111\u1ef1ng gi\u1ea5y"}]},{"@type":"WebSite","@id":"https:\/\/www.inax.com.vn\/vi\/#website","url":"https:\/\/www.inax.com.vn\/vi\/","name":"INAX","description":"INAX","potentialAction":[{"@type":"SearchAction","target":{"@type":"EntryPoint","urlTemplate":"https:\/\/www.inax.com.vn\/vi\/?s={search_term_string}"},"query-input":"required name=search_term_string"}],"inLanguage":"vi-VN"}]}},"_links":{"self":[{"href":"https:\/\/www.inax.com.vn\/vi\/wp-json\/wp\/v2\/pages\/434081"}],"collection":[{"href":"https:\/\/www.inax.com.vn\/vi\/wp-json\/wp\/v2\/pages"}],"about":[{"href":"https:\/\/www.inax.com.vn\/vi\/wp-json\/wp\/v2\/types\/page"}],"author":[{"embeddable":true,"href":"https:\/\/www.inax.com.vn\/vi\/wp-json\/wp\/v2\/users\/4"}],"replies":[{"embeddable":true,"href":"https:\/\/www.inax.com.vn\/vi\/wp-json\/wp\/v2\/comments?post=434081"}],"version-history":[{"count":7,"href":"https:\/\/www.inax.com.vn\/vi\/wp-json\/wp\/v2\/pages\/434081\/revisions"}],"predecessor-version":[{"id":443774,"href":"https:\/\/www.inax.com.vn\/vi\/wp-json\/wp\/v2\/pages\/434081\/revisions\/443774"}],"wp:featuredmedia":[{"embeddable":true,"href":"https:\/\/www.inax.com.vn\/vi\/wp-json\/wp\/v2\/media\/434010"}],"wp:attachment":[{"href":"https:\/\/www.inax.com.vn\/vi\/wp-json\/wp\/v2\/media?parent=434081"}],"curies":[{"name":"wp","href":"https:\/\/api.w.org\/{rel}","templated":true}]}}