{"id":448,"date":"2019-05-21T10:39:44","date_gmt":"2019-05-21T10:39:44","guid":{"rendered":"https:\/\/www.inax.com.vn\/awards\/"},"modified":"2025-06-24T11:13:42","modified_gmt":"2025-06-24T04:13:42","slug":"awards","status":"publish","type":"page","link":"https:\/\/www.inax.com.vn\/vi\/about-inax\/awards\/","title":{"rendered":"C\u00e1c Gi\u1ea3i Th\u01b0\u1edfng"},"content":{"rendered":"<p class=\"title text-uppercase\">C\u00e1c Gi\u1ea3i Th\u01b0\u1edfng<\/p>\n<p>T\u1ea1i INAX, ch\u00fang t\u00f4i kh\u00f4ng ng\u1eebng n\u1ed7 l\u1ef1c gi\u00e0nh \u0111\u01b0\u1ee3c c\u00e1c gi\u1ea3i th\u01b0\u1edfng thi\u1ebft k\u1ebf c\u1ed9ng \u0111\u1ed3ng . C\u00e1c s\u1ea3n ph\u1ea9m c\u1ee7a INAX \u0111\u01b0\u1ee3c \u0111\u00e1nh gi\u00e1 cao \u1edf c\u1ea3 Nh\u1eadt B\u1ea3n v\u00e0 n\u01b0\u1edbc ngo\u00e0i. Ch\u00fang t\u00f4i tin r\u1eb1ng vi\u1ec7c \u0111\u01b0\u1ee3c c\u00f4ng nh\u1eadn th\u00f4ng qua c\u00e1c gi\u1ea3i th\u01b0\u1edfng thi\u1ebft k\u1ebf cho nh\u1eefng n\u1ed7 l\u1ef1c kh\u00f4ng m\u1ec7t m\u1ecfi c\u1ee7a m\u00ecnh l\u00e0 m\u1ed9t ph\u01b0\u01a1ng th\u1ee9c hi\u1ec7u qu\u1ea3 x\u00e2y d\u1ef1ng ni\u1ec1m tin v\u00e0 s\u1ef1 tin c\u1eady c\u1ee7a kh\u00e1ch h\u00e0ng.<\/p>\n","protected":false},"excerpt":{"rendered":"<p>C\u00e1c Gi\u1ea3i Th\u01b0\u1edfng T\u1ea1i INAX, ch\u00fang t\u00f4i kh\u00f4ng ng\u1eebng n\u1ed7 l\u1ef1c gi\u00e0nh \u0111\u01b0\u1ee3c c\u00e1c gi\u1ea3i th\u01b0\u1edfng thi\u1ebft k\u1ebf c\u1ed9ng \u0111\u1ed3ng . C\u00e1c s\u1ea3n ph\u1ea9m c\u1ee7a INAX \u0111\u01b0\u1ee3c \u0111\u00e1nh gi\u00e1 cao \u1edf c\u1ea3 Nh\u1eadt B\u1ea3n v\u00e0 n\u01b0\u1edbc ngo\u00e0i. Ch\u00fang t\u00f4i tin r\u1eb1ng vi\u1ec7c \u0111\u01b0\u1ee3c c\u00f4ng nh\u1eadn th\u00f4ng qua c\u00e1c gi\u1ea3i th\u01b0\u1edfng thi\u1ebft k\u1ebf cho nh\u1eefng n\u1ed7 [&hellip;]<\/p>\n","protected":false},"author":1,"featured_media":0,"parent":548,"menu_order":0,"comment_status":"closed","ping_status":"closed","template":"page-listing-awards.php","meta":{"inline_featured_image":false,"footnotes":""},"acf":[],"yoast_head":"<!-- This site is optimized with the Yoast SEO plugin v21.0 - https:\/\/yoast.com\/wordpress\/plugins\/seo\/ -->\n<title>C\u00e1c Gi\u1ea3i Th\u01b0\u1edfng - INAX<\/title>\n<meta name=\"description\" content=\"T\u1ea1i INAX, ch\u00fang t\u00f4i kh\u00f4ng ng\u1eebng n\u1ed7 l\u1ef1c gi\u00e0nh \u0111\u01b0\u1ee3c c\u00e1c gi\u1ea3i th\u01b0\u1edfng thi\u1ebft k\u1ebf c\u1ed9ng \u0111\u1ed3ng. C\u00e1c s\u1ea3n ph\u1ea9m c\u1ee7a INAX \u0111\u01b0\u1ee3c \u0111\u00e1nh gi\u00e1 cao \u1edf c\u1ea3 Nh\u1eadt B\u1ea3n v\u00e0 n\u01b0\u1edbc ngo\u00e0i.\" \/>\n<meta name=\"robots\" content=\"index, follow, max-snippet:-1, max-image-preview:large, max-video-preview:-1\" \/>\n<link rel=\"canonical\" href=\"https:\/\/www.inax.com.vn\/vi\/about-inax\/awards\/\" \/>\n<meta property=\"og:locale\" content=\"vi_VN\" \/>\n<meta property=\"og:type\" content=\"article\" \/>\n<meta property=\"og:title\" content=\"C\u00e1c Gi\u1ea3i Th\u01b0\u1edfng - INAX\" \/>\n<meta property=\"og:description\" content=\"T\u1ea1i INAX, ch\u00fang t\u00f4i kh\u00f4ng ng\u1eebng n\u1ed7 l\u1ef1c gi\u00e0nh \u0111\u01b0\u1ee3c c\u00e1c gi\u1ea3i th\u01b0\u1edfng thi\u1ebft k\u1ebf c\u1ed9ng \u0111\u1ed3ng. C\u00e1c s\u1ea3n ph\u1ea9m c\u1ee7a INAX \u0111\u01b0\u1ee3c \u0111\u00e1nh gi\u00e1 cao \u1edf c\u1ea3 Nh\u1eadt B\u1ea3n v\u00e0 n\u01b0\u1edbc ngo\u00e0i.\" \/>\n<meta property=\"og:url\" content=\"https:\/\/www.inax.com.vn\/vi\/about-inax\/awards\/\" \/>\n<meta property=\"og:site_name\" content=\"INAX\" \/>\n<meta property=\"article:modified_time\" content=\"2025-06-24T04:13:42+00:00\" \/>\n<meta name=\"twitter:card\" content=\"summary_large_image\" \/>\n<meta name=\"twitter:label1\" content=\"Est. reading time\" \/>\n\t<meta name=\"twitter:data1\" content=\"1 minute\" \/>\n<script type=\"application\/ld+json\" class=\"yoast-schema-graph\">{\"@context\":\"https:\/\/schema.org\",\"@graph\":[{\"@type\":\"WebPage\",\"@id\":\"https:\/\/www.inax.com.vn\/vi\/about-inax\/awards\/\",\"url\":\"https:\/\/www.inax.com.vn\/vi\/about-inax\/awards\/\",\"name\":\"C\u00e1c Gi\u1ea3i Th\u01b0\u1edfng - INAX\",\"isPartOf\":{\"@id\":\"https:\/\/www.inax.com.vn\/vi\/#website\"},\"datePublished\":\"2019-05-21T10:39:44+00:00\",\"dateModified\":\"2025-06-24T04:13:42+00:00\",\"description\":\"T\u1ea1i INAX, ch\u00fang t\u00f4i kh\u00f4ng ng\u1eebng n\u1ed7 l\u1ef1c gi\u00e0nh \u0111\u01b0\u1ee3c c\u00e1c gi\u1ea3i th\u01b0\u1edfng thi\u1ebft k\u1ebf c\u1ed9ng \u0111\u1ed3ng. C\u00e1c s\u1ea3n ph\u1ea9m c\u1ee7a INAX \u0111\u01b0\u1ee3c \u0111\u00e1nh gi\u00e1 cao \u1edf c\u1ea3 Nh\u1eadt B\u1ea3n v\u00e0 n\u01b0\u1edbc ngo\u00e0i.\",\"breadcrumb\":{\"@id\":\"https:\/\/www.inax.com.vn\/vi\/about-inax\/awards\/#breadcrumb\"},\"inLanguage\":\"vi-VN\",\"potentialAction\":[{\"@type\":\"ReadAction\",\"target\":[\"https:\/\/www.inax.com.vn\/vi\/about-inax\/awards\/\"]}]},{\"@type\":\"BreadcrumbList\",\"@id\":\"https:\/\/www.inax.com.vn\/vi\/about-inax\/awards\/#breadcrumb\",\"itemListElement\":[{\"@type\":\"ListItem\",\"position\":1,\"name\":\"Home\",\"item\":\"https:\/\/www.inax.com.vn\/vi\/\"},{\"@type\":\"ListItem\",\"position\":2,\"name\":\"Gi\u1edbi thi\u1ec7u INAX\",\"item\":\"https:\/\/www.inax.com.vn\/vi\/about-inax\/\"},{\"@type\":\"ListItem\",\"position\":3,\"name\":\"C\u00e1c Gi\u1ea3i Th\u01b0\u1edfng\"}]},{\"@type\":\"WebSite\",\"@id\":\"https:\/\/www.inax.com.vn\/vi\/#website\",\"url\":\"https:\/\/www.inax.com.vn\/vi\/\",\"name\":\"INAX\",\"description\":\"INAX\",\"potentialAction\":[{\"@type\":\"SearchAction\",\"target\":{\"@type\":\"EntryPoint\",\"urlTemplate\":\"https:\/\/www.inax.com.vn\/vi\/?s={search_term_string}\"},\"query-input\":\"required name=search_term_string\"}],\"inLanguage\":\"vi-VN\"}]}<\/script>\n<!-- \/ Yoast SEO plugin. -->","yoast_head_json":{"title":"C\u00e1c Gi\u1ea3i Th\u01b0\u1edfng - INAX","description":"T\u1ea1i INAX, ch\u00fang t\u00f4i kh\u00f4ng ng\u1eebng n\u1ed7 l\u1ef1c gi\u00e0nh \u0111\u01b0\u1ee3c c\u00e1c gi\u1ea3i th\u01b0\u1edfng thi\u1ebft k\u1ebf c\u1ed9ng \u0111\u1ed3ng. C\u00e1c s\u1ea3n ph\u1ea9m c\u1ee7a INAX \u0111\u01b0\u1ee3c \u0111\u00e1nh gi\u00e1 cao \u1edf c\u1ea3 Nh\u1eadt B\u1ea3n v\u00e0 n\u01b0\u1edbc ngo\u00e0i.","robots":{"index":"index","follow":"follow","max-snippet":"max-snippet:-1","max-image-preview":"max-image-preview:large","max-video-preview":"max-video-preview:-1"},"canonical":"https:\/\/www.inax.com.vn\/vi\/about-inax\/awards\/","og_locale":"vi_VN","og_type":"article","og_title":"C\u00e1c Gi\u1ea3i Th\u01b0\u1edfng - INAX","og_description":"T\u1ea1i INAX, ch\u00fang t\u00f4i kh\u00f4ng ng\u1eebng n\u1ed7 l\u1ef1c gi\u00e0nh \u0111\u01b0\u1ee3c c\u00e1c gi\u1ea3i th\u01b0\u1edfng thi\u1ebft k\u1ebf c\u1ed9ng \u0111\u1ed3ng. C\u00e1c s\u1ea3n ph\u1ea9m c\u1ee7a INAX \u0111\u01b0\u1ee3c \u0111\u00e1nh gi\u00e1 cao \u1edf c\u1ea3 Nh\u1eadt B\u1ea3n v\u00e0 n\u01b0\u1edbc ngo\u00e0i.","og_url":"https:\/\/www.inax.com.vn\/vi\/about-inax\/awards\/","og_site_name":"INAX","article_modified_time":"2025-06-24T04:13:42+00:00","twitter_card":"summary_large_image","twitter_misc":{"Est. reading time":"1 minute"},"schema":{"@context":"https:\/\/schema.org","@graph":[{"@type":"WebPage","@id":"https:\/\/www.inax.com.vn\/vi\/about-inax\/awards\/","url":"https:\/\/www.inax.com.vn\/vi\/about-inax\/awards\/","name":"C\u00e1c Gi\u1ea3i Th\u01b0\u1edfng - INAX","isPartOf":{"@id":"https:\/\/www.inax.com.vn\/vi\/#website"},"datePublished":"2019-05-21T10:39:44+00:00","dateModified":"2025-06-24T04:13:42+00:00","description":"T\u1ea1i INAX, ch\u00fang t\u00f4i kh\u00f4ng ng\u1eebng n\u1ed7 l\u1ef1c gi\u00e0nh \u0111\u01b0\u1ee3c c\u00e1c gi\u1ea3i th\u01b0\u1edfng thi\u1ebft k\u1ebf c\u1ed9ng \u0111\u1ed3ng. C\u00e1c s\u1ea3n ph\u1ea9m c\u1ee7a INAX \u0111\u01b0\u1ee3c \u0111\u00e1nh gi\u00e1 cao \u1edf c\u1ea3 Nh\u1eadt B\u1ea3n v\u00e0 n\u01b0\u1edbc ngo\u00e0i.","breadcrumb":{"@id":"https:\/\/www.inax.com.vn\/vi\/about-inax\/awards\/#breadcrumb"},"inLanguage":"vi-VN","potentialAction":[{"@type":"ReadAction","target":["https:\/\/www.inax.com.vn\/vi\/about-inax\/awards\/"]}]},{"@type":"BreadcrumbList","@id":"https:\/\/www.inax.com.vn\/vi\/about-inax\/awards\/#breadcrumb","itemListElement":[{"@type":"ListItem","position":1,"name":"Home","item":"https:\/\/www.inax.com.vn\/vi\/"},{"@type":"ListItem","position":2,"name":"Gi\u1edbi thi\u1ec7u INAX","item":"https:\/\/www.inax.com.vn\/vi\/about-inax\/"},{"@type":"ListItem","position":3,"name":"C\u00e1c Gi\u1ea3i Th\u01b0\u1edfng"}]},{"@type":"WebSite","@id":"https:\/\/www.inax.com.vn\/vi\/#website","url":"https:\/\/www.inax.com.vn\/vi\/","name":"INAX","description":"INAX","potentialAction":[{"@type":"SearchAction","target":{"@type":"EntryPoint","urlTemplate":"https:\/\/www.inax.com.vn\/vi\/?s={search_term_string}"},"query-input":"required name=search_term_string"}],"inLanguage":"vi-VN"}]}},"_links":{"self":[{"href":"https:\/\/www.inax.com.vn\/vi\/wp-json\/wp\/v2\/pages\/448"}],"collection":[{"href":"https:\/\/www.inax.com.vn\/vi\/wp-json\/wp\/v2\/pages"}],"about":[{"href":"https:\/\/www.inax.com.vn\/vi\/wp-json\/wp\/v2\/types\/page"}],"author":[{"embeddable":true,"href":"https:\/\/www.inax.com.vn\/vi\/wp-json\/wp\/v2\/users\/1"}],"replies":[{"embeddable":true,"href":"https:\/\/www.inax.com.vn\/vi\/wp-json\/wp\/v2\/comments?post=448"}],"version-history":[{"count":6,"href":"https:\/\/www.inax.com.vn\/vi\/wp-json\/wp\/v2\/pages\/448\/revisions"}],"predecessor-version":[{"id":353186,"href":"https:\/\/www.inax.com.vn\/vi\/wp-json\/wp\/v2\/pages\/448\/revisions\/353186"}],"up":[{"embeddable":true,"href":"https:\/\/www.inax.com.vn\/vi\/wp-json\/wp\/v2\/pages\/548"}],"wp:attachment":[{"href":"https:\/\/www.inax.com.vn\/vi\/wp-json\/wp\/v2\/media?parent=448"}],"curies":[{"name":"wp","href":"https:\/\/api.w.org\/{rel}","templated":true}]}}