{"id":759,"date":"2019-05-31T06:55:47","date_gmt":"2019-05-30T23:55:47","guid":{"rendered":"https:\/\/www.inax.com.vn\/home\/"},"modified":"2026-04-03T17:17:31","modified_gmt":"2026-04-03T10:17:31","slug":"home","status":"publish","type":"page","link":"https:\/\/www.inax.com.vn\/vi\/","title":{"rendered":"INAX"},"content":{"rendered":"\n<h1 class=\"wp-block-heading\">Thi\u1ebft B\u1ecb V\u1ec7 Sinh Cao C\u1ea5p, Th\u00f4ng Minh, Nh\u1eadp Kh\u1ea9u Ch\u00ednh H\u00e3ng Nh\u1eadt B\u1ea3n<\/h1>\n","protected":false},"excerpt":{"rendered":"<p>Thi\u1ebft B\u1ecb V\u1ec7 Sinh Cao C\u1ea5p, Th\u00f4ng Minh, Nh\u1eadp Kh\u1ea9u Ch\u00ednh H\u00e3ng Nh\u1eadt B\u1ea3n<\/p>\n","protected":false},"author":1,"featured_media":0,"parent":0,"menu_order":0,"comment_status":"closed","ping_status":"closed","template":"front-page.php","meta":{"inline_featured_image":false,"footnotes":""},"acf":[],"yoast_head":"<!-- This site is optimized with the Yoast SEO plugin v21.0 - https:\/\/yoast.com\/wordpress\/plugins\/seo\/ -->\n<title>Thi\u1ebft B\u1ecb V\u1ec7 Sinh Cao C\u1ea5p, Nh\u1eadp Kh\u1ea9u Ch\u00ednh H\u00e3ng | INAX<\/title>\n<meta name=\"description\" content=\"INAX chuy\u00ean cung c\u1ea5p thi\u1ebft b\u1ecb v\u1ec7 sinh cao c\u1ea5p, th\u00f4ng minh Nh\u1eadt B\u1ea3n. Ch\u1ea5t li\u1ec7u b\u1ec1n b\u1ec9, m\u1eabu m\u00e3 \u0111a d\u1ea1ng, c\u00f4ng ngh\u1ec7 ti\u1ebfn ti\u1ebfn, b\u1ea3o h\u00e0nh 20 n\u0103m.\" \/>\n<meta name=\"robots\" content=\"index, follow, max-snippet:-1, max-image-preview:large, max-video-preview:-1\" \/>\n<link rel=\"canonical\" href=\"https:\/\/www.inax.com.vn\/vi\/\" \/>\n<meta property=\"og:locale\" content=\"vi_VN\" \/>\n<meta property=\"og:type\" content=\"article\" \/>\n<meta property=\"og:title\" content=\"Thi\u1ebft B\u1ecb V\u1ec7 Sinh Cao C\u1ea5p, Nh\u1eadp Kh\u1ea9u Ch\u00ednh H\u00e3ng | INAX\" \/>\n<meta property=\"og:description\" content=\"INAX chuy\u00ean cung c\u1ea5p thi\u1ebft b\u1ecb v\u1ec7 sinh cao c\u1ea5p, th\u00f4ng minh Nh\u1eadt B\u1ea3n. Ch\u1ea5t li\u1ec7u b\u1ec1n b\u1ec9, m\u1eabu m\u00e3 \u0111a d\u1ea1ng, c\u00f4ng ngh\u1ec7 ti\u1ebfn ti\u1ebfn, b\u1ea3o h\u00e0nh 20 n\u0103m.\" \/>\n<meta property=\"og:url\" content=\"https:\/\/www.inax.com.vn\/vi\/\" \/>\n<meta property=\"og:site_name\" content=\"INAX\" \/>\n<meta property=\"article:modified_time\" content=\"2026-04-03T10:17:31+00:00\" \/>\n<meta name=\"twitter:card\" content=\"summary_large_image\" \/>\n<meta name=\"twitter:label1\" content=\"Est. reading time\" \/>\n\t<meta name=\"twitter:data1\" content=\"1 minute\" \/>\n<script type=\"application\/ld+json\" class=\"yoast-schema-graph\">{\"@context\":\"https:\/\/schema.org\",\"@graph\":[{\"@type\":\"WebPage\",\"@id\":\"https:\/\/www.inax.com.vn\/vi\/\",\"url\":\"https:\/\/www.inax.com.vn\/vi\/\",\"name\":\"Thi\u1ebft B\u1ecb V\u1ec7 Sinh Cao C\u1ea5p, Nh\u1eadp Kh\u1ea9u Ch\u00ednh H\u00e3ng | INAX\",\"isPartOf\":{\"@id\":\"https:\/\/www.inax.com.vn\/vi\/#website\"},\"datePublished\":\"2019-05-30T23:55:47+00:00\",\"dateModified\":\"2026-04-03T10:17:31+00:00\",\"description\":\"INAX chuy\u00ean cung c\u1ea5p thi\u1ebft b\u1ecb v\u1ec7 sinh cao c\u1ea5p, th\u00f4ng minh Nh\u1eadt B\u1ea3n. Ch\u1ea5t li\u1ec7u b\u1ec1n b\u1ec9, m\u1eabu m\u00e3 \u0111a d\u1ea1ng, c\u00f4ng ngh\u1ec7 ti\u1ebfn ti\u1ebfn, b\u1ea3o h\u00e0nh 20 n\u0103m.\",\"breadcrumb\":{\"@id\":\"https:\/\/www.inax.com.vn\/vi\/#breadcrumb\"},\"inLanguage\":\"vi-VN\",\"potentialAction\":[{\"@type\":\"ReadAction\",\"target\":[\"https:\/\/www.inax.com.vn\/vi\/\"]}]},{\"@type\":\"BreadcrumbList\",\"@id\":\"https:\/\/www.inax.com.vn\/vi\/#breadcrumb\",\"itemListElement\":[{\"@type\":\"ListItem\",\"position\":1,\"name\":\"Home\",\"item\":\"https:\/\/www.inax.com.vn\/vi\/\"},{\"@type\":\"ListItem\",\"position\":2,\"name\":\"INAX\"}]},{\"@type\":\"WebSite\",\"@id\":\"https:\/\/www.inax.com.vn\/vi\/#website\",\"url\":\"https:\/\/www.inax.com.vn\/vi\/\",\"name\":\"INAX\",\"description\":\"INAX\",\"potentialAction\":[{\"@type\":\"SearchAction\",\"target\":{\"@type\":\"EntryPoint\",\"urlTemplate\":\"https:\/\/www.inax.com.vn\/vi\/?s={search_term_string}\"},\"query-input\":\"required name=search_term_string\"}],\"inLanguage\":\"vi-VN\"}]}<\/script>\n<!-- \/ Yoast SEO plugin. -->","yoast_head_json":{"title":"Thi\u1ebft B\u1ecb V\u1ec7 Sinh Cao C\u1ea5p, Nh\u1eadp Kh\u1ea9u Ch\u00ednh H\u00e3ng | INAX","description":"INAX chuy\u00ean cung c\u1ea5p thi\u1ebft b\u1ecb v\u1ec7 sinh cao c\u1ea5p, th\u00f4ng minh Nh\u1eadt B\u1ea3n. Ch\u1ea5t li\u1ec7u b\u1ec1n b\u1ec9, m\u1eabu m\u00e3 \u0111a d\u1ea1ng, c\u00f4ng ngh\u1ec7 ti\u1ebfn ti\u1ebfn, b\u1ea3o h\u00e0nh 20 n\u0103m.","robots":{"index":"index","follow":"follow","max-snippet":"max-snippet:-1","max-image-preview":"max-image-preview:large","max-video-preview":"max-video-preview:-1"},"canonical":"https:\/\/www.inax.com.vn\/vi\/","og_locale":"vi_VN","og_type":"article","og_title":"Thi\u1ebft B\u1ecb V\u1ec7 Sinh Cao C\u1ea5p, Nh\u1eadp Kh\u1ea9u Ch\u00ednh H\u00e3ng | INAX","og_description":"INAX chuy\u00ean cung c\u1ea5p thi\u1ebft b\u1ecb v\u1ec7 sinh cao c\u1ea5p, th\u00f4ng minh Nh\u1eadt B\u1ea3n. Ch\u1ea5t li\u1ec7u b\u1ec1n b\u1ec9, m\u1eabu m\u00e3 \u0111a d\u1ea1ng, c\u00f4ng ngh\u1ec7 ti\u1ebfn ti\u1ebfn, b\u1ea3o h\u00e0nh 20 n\u0103m.","og_url":"https:\/\/www.inax.com.vn\/vi\/","og_site_name":"INAX","article_modified_time":"2026-04-03T10:17:31+00:00","twitter_card":"summary_large_image","twitter_misc":{"Est. reading time":"1 minute"},"schema":{"@context":"https:\/\/schema.org","@graph":[{"@type":"WebPage","@id":"https:\/\/www.inax.com.vn\/vi\/","url":"https:\/\/www.inax.com.vn\/vi\/","name":"Thi\u1ebft B\u1ecb V\u1ec7 Sinh Cao C\u1ea5p, Nh\u1eadp Kh\u1ea9u Ch\u00ednh H\u00e3ng | INAX","isPartOf":{"@id":"https:\/\/www.inax.com.vn\/vi\/#website"},"datePublished":"2019-05-30T23:55:47+00:00","dateModified":"2026-04-03T10:17:31+00:00","description":"INAX chuy\u00ean cung c\u1ea5p thi\u1ebft b\u1ecb v\u1ec7 sinh cao c\u1ea5p, th\u00f4ng minh Nh\u1eadt B\u1ea3n. Ch\u1ea5t li\u1ec7u b\u1ec1n b\u1ec9, m\u1eabu m\u00e3 \u0111a d\u1ea1ng, c\u00f4ng ngh\u1ec7 ti\u1ebfn ti\u1ebfn, b\u1ea3o h\u00e0nh 20 n\u0103m.","breadcrumb":{"@id":"https:\/\/www.inax.com.vn\/vi\/#breadcrumb"},"inLanguage":"vi-VN","potentialAction":[{"@type":"ReadAction","target":["https:\/\/www.inax.com.vn\/vi\/"]}]},{"@type":"BreadcrumbList","@id":"https:\/\/www.inax.com.vn\/vi\/#breadcrumb","itemListElement":[{"@type":"ListItem","position":1,"name":"Home","item":"https:\/\/www.inax.com.vn\/vi\/"},{"@type":"ListItem","position":2,"name":"INAX"}]},{"@type":"WebSite","@id":"https:\/\/www.inax.com.vn\/vi\/#website","url":"https:\/\/www.inax.com.vn\/vi\/","name":"INAX","description":"INAX","potentialAction":[{"@type":"SearchAction","target":{"@type":"EntryPoint","urlTemplate":"https:\/\/www.inax.com.vn\/vi\/?s={search_term_string}"},"query-input":"required name=search_term_string"}],"inLanguage":"vi-VN"}]}},"_links":{"self":[{"href":"https:\/\/www.inax.com.vn\/vi\/wp-json\/wp\/v2\/pages\/759"}],"collection":[{"href":"https:\/\/www.inax.com.vn\/vi\/wp-json\/wp\/v2\/pages"}],"about":[{"href":"https:\/\/www.inax.com.vn\/vi\/wp-json\/wp\/v2\/types\/page"}],"author":[{"embeddable":true,"href":"https:\/\/www.inax.com.vn\/vi\/wp-json\/wp\/v2\/users\/1"}],"replies":[{"embeddable":true,"href":"https:\/\/www.inax.com.vn\/vi\/wp-json\/wp\/v2\/comments?post=759"}],"version-history":[{"count":322,"href":"https:\/\/www.inax.com.vn\/vi\/wp-json\/wp\/v2\/pages\/759\/revisions"}],"predecessor-version":[{"id":447846,"href":"https:\/\/www.inax.com.vn\/vi\/wp-json\/wp\/v2\/pages\/759\/revisions\/447846"}],"wp:attachment":[{"href":"https:\/\/www.inax.com.vn\/vi\/wp-json\/wp\/v2\/media?parent=759"}],"curies":[{"name":"wp","href":"https:\/\/api.w.org\/{rel}","templated":true}]}}