{"id":789,"date":"2019-05-31T07:45:23","date_gmt":"2019-05-31T07:45:23","guid":{"rendered":"https:\/\/www.inax.com.vn\/about-inax\/innovation\/"},"modified":"2025-06-24T11:15:43","modified_gmt":"2025-06-24T04:15:43","slug":"innovation","status":"publish","type":"page","link":"https:\/\/www.inax.com.vn\/vi\/about-inax\/innovation\/","title":{"rendered":"\u0110\u1ed9t ph\u00e1"},"content":{"rendered":"<p class=\"title text-uppercase\">TRUY\u1ec0N B\u00c1 TINH TH\u1ea6N S\u00c1NG T\u1ea0O<\/p>\n<p>L\u1ecbch s\u1eed c\u1ee7a INAX l\u00e0 ni\u1ec1m t\u1ef1 h\u00e0o khi t\u1ea1o ra nh\u1eefng c\u00f4ng ngh\u1ec7 ti\u00ean phong gi\u00fap mang \u0111\u1ebfn nh\u1eefng gi\u00e1 tr\u1ecb m\u1edbi trong cu\u1ed9c s\u1ed1ng con ng\u01b0\u1eddi.<\/p>\n","protected":false},"excerpt":{"rendered":"<p>TRUY\u1ec0N B\u00c1 TINH TH\u1ea6N S\u00c1NG T\u1ea0O L\u1ecbch s\u1eed c\u1ee7a INAX l\u00e0 ni\u1ec1m t\u1ef1 h\u00e0o khi t\u1ea1o ra nh\u1eefng c\u00f4ng ngh\u1ec7 ti\u00ean phong gi\u00fap mang \u0111\u1ebfn nh\u1eefng gi\u00e1 tr\u1ecb m\u1edbi trong cu\u1ed9c s\u1ed1ng con ng\u01b0\u1eddi.<\/p>\n","protected":false},"author":1,"featured_media":0,"parent":548,"menu_order":0,"comment_status":"closed","ping_status":"closed","template":"page-about-innovation.php","meta":{"inline_featured_image":false,"footnotes":""},"acf":[],"yoast_head":"<!-- This site is optimized with the Yoast SEO plugin v21.0 - https:\/\/yoast.com\/wordpress\/plugins\/seo\/ -->\n<title>\u0110\u1ed9t ph\u00e1 - INAX<\/title>\n<meta name=\"description\" content=\"L\u1ecbch s\u1eed c\u1ee7a INAX l\u00e0 ni\u1ec1m t\u1ef1 h\u00e0o khi t\u1ea1o ra nh\u1eefng c\u00f4ng ngh\u1ec7 ti\u00ean phong gi\u00fap mang \u0111\u1ebfn nh\u1eefng gi\u00e1 tr\u1ecb m\u1edbi trong cu\u1ed9c s\u1ed1ng con ng\u01b0\u1eddi.\" \/>\n<meta name=\"robots\" content=\"index, follow, max-snippet:-1, max-image-preview:large, max-video-preview:-1\" \/>\n<link rel=\"canonical\" href=\"https:\/\/www.inax.com.vn\/vi\/about-inax\/innovation\/\" \/>\n<meta property=\"og:locale\" content=\"vi_VN\" \/>\n<meta property=\"og:type\" content=\"article\" \/>\n<meta property=\"og:title\" content=\"\u0110\u1ed9t ph\u00e1 - INAX\" \/>\n<meta property=\"og:description\" content=\"L\u1ecbch s\u1eed c\u1ee7a INAX l\u00e0 ni\u1ec1m t\u1ef1 h\u00e0o khi t\u1ea1o ra nh\u1eefng c\u00f4ng ngh\u1ec7 ti\u00ean phong gi\u00fap mang \u0111\u1ebfn nh\u1eefng gi\u00e1 tr\u1ecb m\u1edbi trong cu\u1ed9c s\u1ed1ng con ng\u01b0\u1eddi.\" \/>\n<meta property=\"og:url\" content=\"https:\/\/www.inax.com.vn\/vi\/about-inax\/innovation\/\" \/>\n<meta property=\"og:site_name\" content=\"INAX\" \/>\n<meta property=\"article:modified_time\" content=\"2025-06-24T04:15:43+00:00\" \/>\n<meta name=\"twitter:card\" content=\"summary_large_image\" \/>\n<meta name=\"twitter:label1\" content=\"Est. reading time\" \/>\n\t<meta name=\"twitter:data1\" content=\"1 minute\" \/>\n<script type=\"application\/ld+json\" class=\"yoast-schema-graph\">{\"@context\":\"https:\/\/schema.org\",\"@graph\":[{\"@type\":\"WebPage\",\"@id\":\"https:\/\/www.inax.com.vn\/vi\/about-inax\/innovation\/\",\"url\":\"https:\/\/www.inax.com.vn\/vi\/about-inax\/innovation\/\",\"name\":\"\u0110\u1ed9t ph\u00e1 - INAX\",\"isPartOf\":{\"@id\":\"https:\/\/www.inax.com.vn\/vi\/#website\"},\"datePublished\":\"2019-05-31T07:45:23+00:00\",\"dateModified\":\"2025-06-24T04:15:43+00:00\",\"description\":\"L\u1ecbch s\u1eed c\u1ee7a INAX l\u00e0 ni\u1ec1m t\u1ef1 h\u00e0o khi t\u1ea1o ra nh\u1eefng c\u00f4ng ngh\u1ec7 ti\u00ean phong gi\u00fap mang \u0111\u1ebfn nh\u1eefng gi\u00e1 tr\u1ecb m\u1edbi trong cu\u1ed9c s\u1ed1ng con ng\u01b0\u1eddi.\",\"breadcrumb\":{\"@id\":\"https:\/\/www.inax.com.vn\/vi\/about-inax\/innovation\/#breadcrumb\"},\"inLanguage\":\"vi-VN\",\"potentialAction\":[{\"@type\":\"ReadAction\",\"target\":[\"https:\/\/www.inax.com.vn\/vi\/about-inax\/innovation\/\"]}]},{\"@type\":\"BreadcrumbList\",\"@id\":\"https:\/\/www.inax.com.vn\/vi\/about-inax\/innovation\/#breadcrumb\",\"itemListElement\":[{\"@type\":\"ListItem\",\"position\":1,\"name\":\"Home\",\"item\":\"https:\/\/www.inax.com.vn\/vi\/\"},{\"@type\":\"ListItem\",\"position\":2,\"name\":\"Gi\u1edbi thi\u1ec7u INAX\",\"item\":\"https:\/\/www.inax.com.vn\/vi\/about-inax\/\"},{\"@type\":\"ListItem\",\"position\":3,\"name\":\"\u0110\u1ed9t ph\u00e1\"}]},{\"@type\":\"WebSite\",\"@id\":\"https:\/\/www.inax.com.vn\/vi\/#website\",\"url\":\"https:\/\/www.inax.com.vn\/vi\/\",\"name\":\"INAX\",\"description\":\"INAX\",\"potentialAction\":[{\"@type\":\"SearchAction\",\"target\":{\"@type\":\"EntryPoint\",\"urlTemplate\":\"https:\/\/www.inax.com.vn\/vi\/?s={search_term_string}\"},\"query-input\":\"required name=search_term_string\"}],\"inLanguage\":\"vi-VN\"}]}<\/script>\n<!-- \/ Yoast SEO plugin. -->","yoast_head_json":{"title":"\u0110\u1ed9t ph\u00e1 - INAX","description":"L\u1ecbch s\u1eed c\u1ee7a INAX l\u00e0 ni\u1ec1m t\u1ef1 h\u00e0o khi t\u1ea1o ra nh\u1eefng c\u00f4ng ngh\u1ec7 ti\u00ean phong gi\u00fap mang \u0111\u1ebfn nh\u1eefng gi\u00e1 tr\u1ecb m\u1edbi trong cu\u1ed9c s\u1ed1ng con ng\u01b0\u1eddi.","robots":{"index":"index","follow":"follow","max-snippet":"max-snippet:-1","max-image-preview":"max-image-preview:large","max-video-preview":"max-video-preview:-1"},"canonical":"https:\/\/www.inax.com.vn\/vi\/about-inax\/innovation\/","og_locale":"vi_VN","og_type":"article","og_title":"\u0110\u1ed9t ph\u00e1 - INAX","og_description":"L\u1ecbch s\u1eed c\u1ee7a INAX l\u00e0 ni\u1ec1m t\u1ef1 h\u00e0o khi t\u1ea1o ra nh\u1eefng c\u00f4ng ngh\u1ec7 ti\u00ean phong gi\u00fap mang \u0111\u1ebfn nh\u1eefng gi\u00e1 tr\u1ecb m\u1edbi trong cu\u1ed9c s\u1ed1ng con ng\u01b0\u1eddi.","og_url":"https:\/\/www.inax.com.vn\/vi\/about-inax\/innovation\/","og_site_name":"INAX","article_modified_time":"2025-06-24T04:15:43+00:00","twitter_card":"summary_large_image","twitter_misc":{"Est. reading time":"1 minute"},"schema":{"@context":"https:\/\/schema.org","@graph":[{"@type":"WebPage","@id":"https:\/\/www.inax.com.vn\/vi\/about-inax\/innovation\/","url":"https:\/\/www.inax.com.vn\/vi\/about-inax\/innovation\/","name":"\u0110\u1ed9t ph\u00e1 - INAX","isPartOf":{"@id":"https:\/\/www.inax.com.vn\/vi\/#website"},"datePublished":"2019-05-31T07:45:23+00:00","dateModified":"2025-06-24T04:15:43+00:00","description":"L\u1ecbch s\u1eed c\u1ee7a INAX l\u00e0 ni\u1ec1m t\u1ef1 h\u00e0o khi t\u1ea1o ra nh\u1eefng c\u00f4ng ngh\u1ec7 ti\u00ean phong gi\u00fap mang \u0111\u1ebfn nh\u1eefng gi\u00e1 tr\u1ecb m\u1edbi trong cu\u1ed9c s\u1ed1ng con ng\u01b0\u1eddi.","breadcrumb":{"@id":"https:\/\/www.inax.com.vn\/vi\/about-inax\/innovation\/#breadcrumb"},"inLanguage":"vi-VN","potentialAction":[{"@type":"ReadAction","target":["https:\/\/www.inax.com.vn\/vi\/about-inax\/innovation\/"]}]},{"@type":"BreadcrumbList","@id":"https:\/\/www.inax.com.vn\/vi\/about-inax\/innovation\/#breadcrumb","itemListElement":[{"@type":"ListItem","position":1,"name":"Home","item":"https:\/\/www.inax.com.vn\/vi\/"},{"@type":"ListItem","position":2,"name":"Gi\u1edbi thi\u1ec7u INAX","item":"https:\/\/www.inax.com.vn\/vi\/about-inax\/"},{"@type":"ListItem","position":3,"name":"\u0110\u1ed9t ph\u00e1"}]},{"@type":"WebSite","@id":"https:\/\/www.inax.com.vn\/vi\/#website","url":"https:\/\/www.inax.com.vn\/vi\/","name":"INAX","description":"INAX","potentialAction":[{"@type":"SearchAction","target":{"@type":"EntryPoint","urlTemplate":"https:\/\/www.inax.com.vn\/vi\/?s={search_term_string}"},"query-input":"required name=search_term_string"}],"inLanguage":"vi-VN"}]}},"_links":{"self":[{"href":"https:\/\/www.inax.com.vn\/vi\/wp-json\/wp\/v2\/pages\/789"}],"collection":[{"href":"https:\/\/www.inax.com.vn\/vi\/wp-json\/wp\/v2\/pages"}],"about":[{"href":"https:\/\/www.inax.com.vn\/vi\/wp-json\/wp\/v2\/types\/page"}],"author":[{"embeddable":true,"href":"https:\/\/www.inax.com.vn\/vi\/wp-json\/wp\/v2\/users\/1"}],"replies":[{"embeddable":true,"href":"https:\/\/www.inax.com.vn\/vi\/wp-json\/wp\/v2\/comments?post=789"}],"version-history":[{"count":6,"href":"https:\/\/www.inax.com.vn\/vi\/wp-json\/wp\/v2\/pages\/789\/revisions"}],"predecessor-version":[{"id":353187,"href":"https:\/\/www.inax.com.vn\/vi\/wp-json\/wp\/v2\/pages\/789\/revisions\/353187"}],"up":[{"embeddable":true,"href":"https:\/\/www.inax.com.vn\/vi\/wp-json\/wp\/v2\/pages\/548"}],"wp:attachment":[{"href":"https:\/\/www.inax.com.vn\/vi\/wp-json\/wp\/v2\/media?parent=789"}],"curies":[{"name":"wp","href":"https:\/\/api.w.org\/{rel}","templated":true}]}}