{"id":79678,"date":"2020-08-14T18:32:20","date_gmt":"2020-08-14T10:32:20","guid":{"rendered":"https:\/\/www.inax.com.vn\/about-inax\/japans-rituals-of-water\/"},"modified":"2025-06-24T11:16:18","modified_gmt":"2025-06-24T04:16:18","slug":"japans-rituals-of-water","status":"publish","type":"page","link":"https:\/\/www.inax.com.vn\/vi\/about-inax\/japans-rituals-of-water\/","title":{"rendered":"Nghi Th\u1ee9c D\u00f9ng N\u01b0\u1edbc Nh\u1eadt B\u1ea3n"},"content":{"rendered":"<p class=\"title text-uppercase\">NGHI TH\u1ee8C D\u00d9NG N\u01af\u1edaC<br \/>\nTHAY \u0110\u1ed4I CU\u1ed8C S\u1ed0NG TH\u01af\u1edcNG NG\u00c0Y<\/p>\n<p>T\u1eeb xa x\u01b0a, ng\u01b0\u1eddi Nh\u1eadt \u0111\u00e3 d\u00f9ng n\u01b0\u1edbc \u0111\u1ec3 thanh t\u1ea9y t\u00e2m tr\u00ed. Th\u01b0 gi\u00e3n, th\u1ea3 m\u00ecnh ho\u00e0n to\u00e0n v\u00e0o ngu\u1ed3n n\u01b0\u1edbc thanh khi\u1ebft, \u0111\u00f3 l\u00e0 c\u00e1ch ng\u01b0\u1eddi d\u00e2n x\u1ee9 Ph\u00f9 Tang tr\u00fat b\u1ecf mu\u1ed9n phi\u1ec1n v\u00e0 t\u00e1i t\u1ea1o ngu\u1ed3n n\u0103ng l\u01b0\u1ee3ng m\u1edbi. Nghi th\u1ee9c \u1ea5y \u0111\u00e3 tr\u1edf th\u00e0nh m\u1ed9t ph\u1ea7n quan tr\u1ecdng trong cu\u1ed9c s\u1ed1ng h\u00e0ng ng\u00e0y, l\u00e0 th\u1eddi \u0111i\u1ec3m v\u00e0 nghi th\u1ee9c \u0111\u1ec3 t\u00e1i sinh.<br \/>\nB\u1eb1ng nh\u1eefng s\u1ea3n ph\u1ea9m s\u00e1ng t\u1ea1o \u0111\u1ea7y th\u1ea9m m\u1ef9, INAX mang nghi th\u1ee9c d\u00f9ng n\u01b0\u1edbc c\u1ee7a Nh\u1eadt B\u1ea3n \u0111\u1ebfn v\u1edbi ph\u00f2ng t\u1eafm Vi\u1ec7t, h\u01b0\u1edbng t\u1edbi tr\u1ea3i nghi\u1ec7m s\u1ed1ng t\u00edch c\u1ef1c, kh\u1ecfe m\u1ea1nh v\u00e0 t\u01b0\u01a1i m\u1edbi h\u01a1n m\u1ed7i ng\u00e0y, khi\u1ebfn m\u1ecdi ng\u01b0\u1eddi s\u1ed1ng kh\u1ecfe!<\/p>\n","protected":false},"excerpt":{"rendered":"<p>NGHI TH\u1ee8C D\u00d9NG N\u01af\u1edaC THAY \u0110\u1ed4I CU\u1ed8C S\u1ed0NG TH\u01af\u1edcNG NG\u00c0Y T\u1eeb xa x\u01b0a, ng\u01b0\u1eddi Nh\u1eadt \u0111\u00e3 d\u00f9ng n\u01b0\u1edbc \u0111\u1ec3 thanh t\u1ea9y t\u00e2m tr\u00ed. Th\u01b0 gi\u00e3n, th\u1ea3 m\u00ecnh ho\u00e0n to\u00e0n v\u00e0o ngu\u1ed3n n\u01b0\u1edbc thanh khi\u1ebft, \u0111\u00f3 l\u00e0 c\u00e1ch ng\u01b0\u1eddi d\u00e2n x\u1ee9 Ph\u00f9 Tang tr\u00fat b\u1ecf mu\u1ed9n phi\u1ec1n v\u00e0 t\u00e1i t\u1ea1o ngu\u1ed3n n\u0103ng l\u01b0\u1ee3ng m\u1edbi. Nghi th\u1ee9c [&hellip;]<\/p>\n","protected":false},"author":1,"featured_media":0,"parent":548,"menu_order":0,"comment_status":"closed","ping_status":"closed","template":"page-about-japans-rituals-of-water.php","meta":{"inline_featured_image":false,"footnotes":""},"acf":[],"yoast_head":"<!-- This site is optimized with the Yoast SEO plugin v21.0 - https:\/\/yoast.com\/wordpress\/plugins\/seo\/ -->\n<title>Nghi Th\u1ee9c D\u00f9ng N\u01b0\u1edbc Nh\u1eadt B\u1ea3n - INAX<\/title>\n<meta name=\"description\" content=\"INAX mang nghi th\u1ee9c d\u00f9ng n\u01b0\u1edbc c\u1ee7a Nh\u1eadt B\u1ea3n \u0111\u1ebfn v\u1edbi ph\u00f2ng t\u1eafm Vi\u1ec7t, h\u01b0\u1edbng t\u1edbi tr\u1ea3i nghi\u1ec7m s\u1ed1ng t\u00edch c\u1ef1c, kh\u1ecfe m\u1ea1nh v\u00e0 t\u01b0\u01a1i m\u1edbi h\u01a1n m\u1ed7i ng\u00e0y, khi\u1ebfn m\u1ecdi ng\u01b0\u1eddi s\u1ed1ng kh\u1ecfe!\" \/>\n<meta name=\"robots\" content=\"index, follow, max-snippet:-1, max-image-preview:large, max-video-preview:-1\" \/>\n<link rel=\"canonical\" href=\"https:\/\/www.inax.com.vn\/vi\/about-inax\/japans-rituals-of-water\/\" \/>\n<meta property=\"og:locale\" content=\"vi_VN\" \/>\n<meta property=\"og:type\" content=\"article\" \/>\n<meta property=\"og:title\" content=\"Nghi Th\u1ee9c D\u00f9ng N\u01b0\u1edbc Nh\u1eadt B\u1ea3n - INAX\" \/>\n<meta property=\"og:description\" content=\"INAX mang nghi th\u1ee9c d\u00f9ng n\u01b0\u1edbc c\u1ee7a Nh\u1eadt B\u1ea3n \u0111\u1ebfn v\u1edbi ph\u00f2ng t\u1eafm Vi\u1ec7t, h\u01b0\u1edbng t\u1edbi tr\u1ea3i nghi\u1ec7m s\u1ed1ng t\u00edch c\u1ef1c, kh\u1ecfe m\u1ea1nh v\u00e0 t\u01b0\u01a1i m\u1edbi h\u01a1n m\u1ed7i ng\u00e0y, khi\u1ebfn m\u1ecdi ng\u01b0\u1eddi s\u1ed1ng kh\u1ecfe!\" \/>\n<meta property=\"og:url\" content=\"https:\/\/www.inax.com.vn\/vi\/about-inax\/japans-rituals-of-water\/\" \/>\n<meta property=\"og:site_name\" content=\"INAX\" \/>\n<meta property=\"article:modified_time\" content=\"2025-06-24T04:16:18+00:00\" \/>\n<meta name=\"twitter:card\" content=\"summary_large_image\" \/>\n<meta name=\"twitter:label1\" content=\"Est. reading time\" \/>\n\t<meta name=\"twitter:data1\" content=\"1 minute\" \/>\n<script type=\"application\/ld+json\" class=\"yoast-schema-graph\">{\"@context\":\"https:\/\/schema.org\",\"@graph\":[{\"@type\":\"WebPage\",\"@id\":\"https:\/\/www.inax.com.vn\/vi\/about-inax\/japans-rituals-of-water\/\",\"url\":\"https:\/\/www.inax.com.vn\/vi\/about-inax\/japans-rituals-of-water\/\",\"name\":\"Nghi Th\u1ee9c D\u00f9ng N\u01b0\u1edbc Nh\u1eadt B\u1ea3n - INAX\",\"isPartOf\":{\"@id\":\"https:\/\/www.inax.com.vn\/vi\/#website\"},\"datePublished\":\"2020-08-14T10:32:20+00:00\",\"dateModified\":\"2025-06-24T04:16:18+00:00\",\"description\":\"INAX mang nghi th\u1ee9c d\u00f9ng n\u01b0\u1edbc c\u1ee7a Nh\u1eadt B\u1ea3n \u0111\u1ebfn v\u1edbi ph\u00f2ng t\u1eafm Vi\u1ec7t, h\u01b0\u1edbng t\u1edbi tr\u1ea3i nghi\u1ec7m s\u1ed1ng t\u00edch c\u1ef1c, kh\u1ecfe m\u1ea1nh v\u00e0 t\u01b0\u01a1i m\u1edbi h\u01a1n m\u1ed7i ng\u00e0y, khi\u1ebfn m\u1ecdi ng\u01b0\u1eddi s\u1ed1ng kh\u1ecfe!\",\"breadcrumb\":{\"@id\":\"https:\/\/www.inax.com.vn\/vi\/about-inax\/japans-rituals-of-water\/#breadcrumb\"},\"inLanguage\":\"vi-VN\",\"potentialAction\":[{\"@type\":\"ReadAction\",\"target\":[\"https:\/\/www.inax.com.vn\/vi\/about-inax\/japans-rituals-of-water\/\"]}]},{\"@type\":\"BreadcrumbList\",\"@id\":\"https:\/\/www.inax.com.vn\/vi\/about-inax\/japans-rituals-of-water\/#breadcrumb\",\"itemListElement\":[{\"@type\":\"ListItem\",\"position\":1,\"name\":\"Home\",\"item\":\"https:\/\/www.inax.com.vn\/vi\/\"},{\"@type\":\"ListItem\",\"position\":2,\"name\":\"Gi\u1edbi thi\u1ec7u INAX\",\"item\":\"https:\/\/www.inax.com.vn\/vi\/about-inax\/\"},{\"@type\":\"ListItem\",\"position\":3,\"name\":\"Nghi Th\u1ee9c D\u00f9ng N\u01b0\u1edbc Nh\u1eadt B\u1ea3n\"}]},{\"@type\":\"WebSite\",\"@id\":\"https:\/\/www.inax.com.vn\/vi\/#website\",\"url\":\"https:\/\/www.inax.com.vn\/vi\/\",\"name\":\"INAX\",\"description\":\"INAX\",\"potentialAction\":[{\"@type\":\"SearchAction\",\"target\":{\"@type\":\"EntryPoint\",\"urlTemplate\":\"https:\/\/www.inax.com.vn\/vi\/?s={search_term_string}\"},\"query-input\":\"required name=search_term_string\"}],\"inLanguage\":\"vi-VN\"}]}<\/script>\n<!-- \/ Yoast SEO plugin. -->","yoast_head_json":{"title":"Nghi Th\u1ee9c D\u00f9ng N\u01b0\u1edbc Nh\u1eadt B\u1ea3n - INAX","description":"INAX mang nghi th\u1ee9c d\u00f9ng n\u01b0\u1edbc c\u1ee7a Nh\u1eadt B\u1ea3n \u0111\u1ebfn v\u1edbi ph\u00f2ng t\u1eafm Vi\u1ec7t, h\u01b0\u1edbng t\u1edbi tr\u1ea3i nghi\u1ec7m s\u1ed1ng t\u00edch c\u1ef1c, kh\u1ecfe m\u1ea1nh v\u00e0 t\u01b0\u01a1i m\u1edbi h\u01a1n m\u1ed7i ng\u00e0y, khi\u1ebfn m\u1ecdi ng\u01b0\u1eddi s\u1ed1ng kh\u1ecfe!","robots":{"index":"index","follow":"follow","max-snippet":"max-snippet:-1","max-image-preview":"max-image-preview:large","max-video-preview":"max-video-preview:-1"},"canonical":"https:\/\/www.inax.com.vn\/vi\/about-inax\/japans-rituals-of-water\/","og_locale":"vi_VN","og_type":"article","og_title":"Nghi Th\u1ee9c D\u00f9ng N\u01b0\u1edbc Nh\u1eadt B\u1ea3n - INAX","og_description":"INAX mang nghi th\u1ee9c d\u00f9ng n\u01b0\u1edbc c\u1ee7a Nh\u1eadt B\u1ea3n \u0111\u1ebfn v\u1edbi ph\u00f2ng t\u1eafm Vi\u1ec7t, h\u01b0\u1edbng t\u1edbi tr\u1ea3i nghi\u1ec7m s\u1ed1ng t\u00edch c\u1ef1c, kh\u1ecfe m\u1ea1nh v\u00e0 t\u01b0\u01a1i m\u1edbi h\u01a1n m\u1ed7i ng\u00e0y, khi\u1ebfn m\u1ecdi ng\u01b0\u1eddi s\u1ed1ng kh\u1ecfe!","og_url":"https:\/\/www.inax.com.vn\/vi\/about-inax\/japans-rituals-of-water\/","og_site_name":"INAX","article_modified_time":"2025-06-24T04:16:18+00:00","twitter_card":"summary_large_image","twitter_misc":{"Est. reading time":"1 minute"},"schema":{"@context":"https:\/\/schema.org","@graph":[{"@type":"WebPage","@id":"https:\/\/www.inax.com.vn\/vi\/about-inax\/japans-rituals-of-water\/","url":"https:\/\/www.inax.com.vn\/vi\/about-inax\/japans-rituals-of-water\/","name":"Nghi Th\u1ee9c D\u00f9ng N\u01b0\u1edbc Nh\u1eadt B\u1ea3n - INAX","isPartOf":{"@id":"https:\/\/www.inax.com.vn\/vi\/#website"},"datePublished":"2020-08-14T10:32:20+00:00","dateModified":"2025-06-24T04:16:18+00:00","description":"INAX mang nghi th\u1ee9c d\u00f9ng n\u01b0\u1edbc c\u1ee7a Nh\u1eadt B\u1ea3n \u0111\u1ebfn v\u1edbi ph\u00f2ng t\u1eafm Vi\u1ec7t, h\u01b0\u1edbng t\u1edbi tr\u1ea3i nghi\u1ec7m s\u1ed1ng t\u00edch c\u1ef1c, kh\u1ecfe m\u1ea1nh v\u00e0 t\u01b0\u01a1i m\u1edbi h\u01a1n m\u1ed7i ng\u00e0y, khi\u1ebfn m\u1ecdi ng\u01b0\u1eddi s\u1ed1ng kh\u1ecfe!","breadcrumb":{"@id":"https:\/\/www.inax.com.vn\/vi\/about-inax\/japans-rituals-of-water\/#breadcrumb"},"inLanguage":"vi-VN","potentialAction":[{"@type":"ReadAction","target":["https:\/\/www.inax.com.vn\/vi\/about-inax\/japans-rituals-of-water\/"]}]},{"@type":"BreadcrumbList","@id":"https:\/\/www.inax.com.vn\/vi\/about-inax\/japans-rituals-of-water\/#breadcrumb","itemListElement":[{"@type":"ListItem","position":1,"name":"Home","item":"https:\/\/www.inax.com.vn\/vi\/"},{"@type":"ListItem","position":2,"name":"Gi\u1edbi thi\u1ec7u INAX","item":"https:\/\/www.inax.com.vn\/vi\/about-inax\/"},{"@type":"ListItem","position":3,"name":"Nghi Th\u1ee9c D\u00f9ng N\u01b0\u1edbc Nh\u1eadt B\u1ea3n"}]},{"@type":"WebSite","@id":"https:\/\/www.inax.com.vn\/vi\/#website","url":"https:\/\/www.inax.com.vn\/vi\/","name":"INAX","description":"INAX","potentialAction":[{"@type":"SearchAction","target":{"@type":"EntryPoint","urlTemplate":"https:\/\/www.inax.com.vn\/vi\/?s={search_term_string}"},"query-input":"required name=search_term_string"}],"inLanguage":"vi-VN"}]}},"_links":{"self":[{"href":"https:\/\/www.inax.com.vn\/vi\/wp-json\/wp\/v2\/pages\/79678"}],"collection":[{"href":"https:\/\/www.inax.com.vn\/vi\/wp-json\/wp\/v2\/pages"}],"about":[{"href":"https:\/\/www.inax.com.vn\/vi\/wp-json\/wp\/v2\/types\/page"}],"author":[{"embeddable":true,"href":"https:\/\/www.inax.com.vn\/vi\/wp-json\/wp\/v2\/users\/1"}],"replies":[{"embeddable":true,"href":"https:\/\/www.inax.com.vn\/vi\/wp-json\/wp\/v2\/comments?post=79678"}],"version-history":[{"count":5,"href":"https:\/\/www.inax.com.vn\/vi\/wp-json\/wp\/v2\/pages\/79678\/revisions"}],"predecessor-version":[{"id":353188,"href":"https:\/\/www.inax.com.vn\/vi\/wp-json\/wp\/v2\/pages\/79678\/revisions\/353188"}],"up":[{"embeddable":true,"href":"https:\/\/www.inax.com.vn\/vi\/wp-json\/wp\/v2\/pages\/548"}],"wp:attachment":[{"href":"https:\/\/www.inax.com.vn\/vi\/wp-json\/wp\/v2\/media?parent=79678"}],"curies":[{"name":"wp","href":"https:\/\/api.w.org\/{rel}","templated":true}]}}